{"id":196799,"date":"2023-05-04T08:50:09","date_gmt":"2023-05-04T06:50:09","guid":{"rendered":"https:\/\/www.bruellan.ch\/asset-management\/fonds-qualite\/"},"modified":"2024-02-16T10:48:12","modified_gmt":"2024-02-16T09:48:12","slug":"fonds-qualite","status":"publish","type":"page","link":"https:\/\/www.bruellan.ch\/de\/asset-management\/fonds-qualite\/","title":{"rendered":"Qualit\u00e4t und Wachstum"},"content":{"rendered":"\n<div class=\"wp-block-cover alignfull page-header-banner\" style=\"min-height:400px;aspect-ratio:unset;\"><span aria-hidden=\"true\" class=\"wp-block-cover__background has-vert-background-color has-background-dim-100 has-background-dim\"><\/span><div class=\"wp-block-cover__inner-container is-layout-flow wp-block-cover-is-layout-flow\">\n<div class=\"wp-block-media-text has-media-on-the-right is-stacked-on-mobile animated fadeIn slow\"><div class=\"wp-block-media-text__content\">\n<h1 class=\"wp-block-heading\">Qualit\u00e4t und Wachstum<\/h1>\n\n\n\n<h3 class=\"wp-block-heading has-text-align-left\">Wettbewerbsvorteile, um sich f\u00fcr die wichtigen Trends von morgen zu positionieren<\/h3>\n<\/div><figure class=\"wp-block-media-text__media\"><img loading=\"lazy\" decoding=\"async\" width=\"1320\" height=\"1000\" src=\"https:\/\/www.bruellan.ch\/wp-content\/uploads\/2023\/01\/Pages_ill_2-1-1320x1000-1.png\" alt=\"\" class=\"wp-image-1712 size-full\" srcset=\"https:\/\/www.bruellan.ch\/wp-content\/uploads\/2023\/01\/Pages_ill_2-1-1320x1000-1.png 1320w, https:\/\/www.bruellan.ch\/wp-content\/uploads\/2023\/01\/Pages_ill_2-1-1320x1000-1-660x500.png 660w, https:\/\/www.bruellan.ch\/wp-content\/uploads\/2023\/01\/Pages_ill_2-1-1320x1000-1-768x582.png 768w\" sizes=\"auto, (max-width: 1320px) 100vw, 1320px\" \/><\/figure><\/div>\n<\/div><\/div>\n\n<div style=\"height:100px\" aria-hidden=\"true\" class=\"wp-block-spacer\"><\/div>\n\n<div class=\"wp-block-media-text has-media-on-the-right is-stacked-on-mobile is-vertically-aligned-center is-image-fill\"><div class=\"wp-block-media-text__content\">\n<p>Langfristig l\u00e4sst sich der Wert eines Unternehmens an seiner F\u00e4higkeit messen, hervorragende Cash-Flows zu erzeugen. Das gelingt am besten Unternehmen, die sich mit ihren Produkten differenzieren und eine starke Position in ihrem Markt haben. Dar\u00fcber hinaus k\u00f6nnen sich Unternehmen mit hoher Rentabilit\u00e4t und Kapitalrendite viel leichter an sich ver\u00e4ndernde Bedingungen anpassen.<\/p>\n\n\n\n<p>Infolgedessen erm\u00f6glicht ein systematisches Engagement in qualitativ hochwertige Unternehmen, langfristig gute Renditen bei gleichzeitig \u00e4usserst schwachem operativem Risiko zu erzielen.<\/p>\n<\/div><figure class=\"wp-block-media-text__media\" style=\"background-image:url(https:\/\/www.bruellan.ch\/wp-content\/uploads\/2023\/10\/Quality_5-lihght-1320x1049.jpg);background-position:50% 50%\"><img loading=\"lazy\" decoding=\"async\" width=\"1320\" height=\"1049\" src=\"https:\/\/www.bruellan.ch\/wp-content\/uploads\/2023\/10\/Quality_5-lihght-1320x1049.jpg\" alt=\"\" class=\"wp-image-150221 size-full\" srcset=\"https:\/\/www.bruellan.ch\/wp-content\/uploads\/2023\/10\/Quality_5-lihght-1320x1049.jpg 1320w, https:\/\/www.bruellan.ch\/wp-content\/uploads\/2023\/10\/Quality_5-lihght-660x525.jpg 660w, https:\/\/www.bruellan.ch\/wp-content\/uploads\/2023\/10\/Quality_5-lihght-768x611.jpg 768w, https:\/\/www.bruellan.ch\/wp-content\/uploads\/2023\/10\/Quality_5-lihght-1536x1221.jpg 1536w, https:\/\/www.bruellan.ch\/wp-content\/uploads\/2023\/10\/Quality_5-lihght.jpg 1800w\" sizes=\"auto, (max-width: 1320px) 100vw, 1320px\" \/><\/figure><\/div>\n\n<div class=\"wp-block-media-text is-stacked-on-mobile is-vertically-aligned-center is-image-fill\"><figure class=\"wp-block-media-text__media\" style=\"background-image:url(https:\/\/www.bruellan.ch\/wp-content\/uploads\/2023\/10\/Quality_3-light-1320x990.jpg);background-position:50% 50%\"><img loading=\"lazy\" decoding=\"async\" width=\"1320\" height=\"990\" src=\"https:\/\/www.bruellan.ch\/wp-content\/uploads\/2023\/10\/Quality_3-light-1320x990.jpg\" alt=\"\" class=\"wp-image-150223 size-full\" srcset=\"https:\/\/www.bruellan.ch\/wp-content\/uploads\/2023\/10\/Quality_3-light-1320x990.jpg 1320w, https:\/\/www.bruellan.ch\/wp-content\/uploads\/2023\/10\/Quality_3-light-660x495.jpg 660w, https:\/\/www.bruellan.ch\/wp-content\/uploads\/2023\/10\/Quality_3-light-768x576.jpg 768w, https:\/\/www.bruellan.ch\/wp-content\/uploads\/2023\/10\/Quality_3-light-1536x1152.jpg 1536w, https:\/\/www.bruellan.ch\/wp-content\/uploads\/2023\/10\/Quality_3-light.jpg 1800w\" sizes=\"auto, (max-width: 1320px) 100vw, 1320px\" \/><\/figure><div class=\"wp-block-media-text__content\">\n<p>Unser Fonds <a href=\"https:\/\/www.bruellan.ch\/de\/asset-management\/#bruellan-dynamic-fund-tactical\" data-type=\"page\" data-id=\"517\">&#8222;<strong>Bruellan Dynamic Tactical<\/strong>&#8222;<\/a>wurde 2011 aufgelegt. Er investiert in Unternehmen rund um die Welt, die sich durch ein erprobtes Gesch\u00e4ftsmodell, starke Marken, eine dominierende Position und erh\u00f6hte Eintrittsbarrieren in ihren M\u00e4rkten auszeichnen. Auf diese Weise sind sie in der Lage, im Verlauf der Zeit und Zyklen ihre Wettbewerbskraft wie auch eine \u00fcberdurchschnittliche Rentabilit\u00e4t zu bewahren.<\/p>\n\n\n\n<p><\/p>\n<\/div><\/div>\n\n<div class=\"wp-block-cover alignfull is-light\"><span aria-hidden=\"true\" class=\"wp-block-cover__background has-vert-moyen-clair-background-color has-background-dim-100 has-background-dim\"><\/span><div class=\"wp-block-cover__inner-container is-layout-constrained wp-block-cover-is-layout-constrained\">\n<div class=\"wp-block-media-text has-media-on-the-right is-stacked-on-mobile is-vertically-aligned-center is-image-fill\"><div class=\"wp-block-media-text__content\">\n<h2 class=\"wp-block-heading\">Haben Sie schon gewusst?<\/h2>\n\n\n\n<p><strong>&#8230; Microsoft generiert so viel verf\u00fcgbaren Cash-Flow, wie die Schweiz an Ertragssteuern einnimmt.<\/strong><\/p>\n\n\n\n<p><strong>&#8230; Nur eines von zehn b\u00f6rsennotierten Unternehmen weist eine Kapitalrendite von \u00fcber 10 % auf.<\/strong><\/p>\n\n\n\n<p><strong>&#8230; 40 % der qualitativ hochwertigen Unternehmen sind auf zwei Branchen konzentriert, n\u00e4mlich Informationstechnologien und Gesundheit.<\/strong><\/p>\n<\/div><figure class=\"wp-block-media-text__media\" style=\"background-image:url(https:\/\/www.bruellan.ch\/wp-content\/uploads\/2023\/10\/Quality_1-light-1320x970.jpg);background-position:50% 50%\"><img loading=\"lazy\" decoding=\"async\" width=\"1320\" height=\"970\" src=\"https:\/\/www.bruellan.ch\/wp-content\/uploads\/2023\/10\/Quality_1-light-1320x970.jpg\" alt=\"\" class=\"wp-image-150226 size-full\" srcset=\"https:\/\/www.bruellan.ch\/wp-content\/uploads\/2023\/10\/Quality_1-light-1320x970.jpg 1320w, https:\/\/www.bruellan.ch\/wp-content\/uploads\/2023\/10\/Quality_1-light-660x485.jpg 660w, https:\/\/www.bruellan.ch\/wp-content\/uploads\/2023\/10\/Quality_1-light-768x564.jpg 768w, https:\/\/www.bruellan.ch\/wp-content\/uploads\/2023\/10\/Quality_1-light-1536x1129.jpg 1536w, https:\/\/www.bruellan.ch\/wp-content\/uploads\/2023\/10\/Quality_1-light.jpg 1800w\" sizes=\"auto, (max-width: 1320px) 100vw, 1320px\" \/><\/figure><\/div>\n<\/div><\/div>\n\n<div style=\"height:100px\" aria-hidden=\"true\" class=\"wp-block-spacer\"><\/div>\n\n<hr class=\"wp-block-separator has-alpha-channel-opacity\"\/>\n\n<h2 class=\"wp-block-heading\">Ihr Ansprechpartner<\/h2>\n\n<div class=\"wp-block-columns is-layout-flex wp-container-core-columns-is-layout-9d6595d7 wp-block-columns-is-layout-flex\">\n<div class=\"wp-block-column is-layout-flow wp-block-column-is-layout-flow\">\n<div class=\"wp-block-columns is-layout-flex wp-container-core-columns-is-layout-9d6595d7 wp-block-columns-is-layout-flex\">\n<div class=\"wp-block-column is-layout-flow wp-block-column-is-layout-flow\" style=\"flex-basis:30%\">\n<figure class=\"wp-block-image size-full is-resized\"><img decoding=\"async\" src=\"https:\/\/www.bruellan.ch\/wp-content\/uploads\/2023\/03\/Florian_Marini_RS.jpg\" alt=\"\" class=\"wp-image-149960\" style=\"aspect-ratio:1;object-fit:cover;width:180px;height:undefinedpx\"\/><\/figure>\n<\/div>\n\n\n\n<div class=\"wp-block-column is-layout-flow wp-block-column-is-layout-flow\" style=\"flex-basis:70%\">\n<p><strong>Florian Marini<\/strong><\/p>\n\n\n\n<p>Senior Fund Manager<br\/>Genf<\/p>\n<\/div>\n<\/div>\n<\/div>\n\n\n\n<div class=\"wp-block-column is-layout-flow wp-block-column-is-layout-flow\"><\/div>\n<\/div>\n","protected":false},"excerpt":{"rendered":"<p>Langfristig l\u00e4sst sich der Wert eines Unternehmens an seiner F\u00e4higkeit messen, hervorragende Cash-Flows zu erzeugen. Das gelingt am besten Unternehmen, die sich mit ihren Produkten differenzieren und eine starke Position &#8230; <\/p>\n<div class=\"read-more-link-box\"><a class=\"read-more-link\" href=\"https:\/\/www.bruellan.ch\/de\/asset-management\/fonds-qualite\/\">Weiterlesen<\/a><\/div>\n","protected":false},"author":1,"featured_media":0,"parent":196740,"menu_order":0,"comment_status":"closed","ping_status":"closed","template":"","meta":{"_acf_changed":false,"footnotes":""},"class_list":["post-196799","page","type-page","status-publish","hentry"],"acf":[],"yoast_head":"<!-- This site is optimized with the Yoast SEO plugin v26.7 - https:\/\/yoast.com\/wordpress\/plugins\/seo\/ -->\n<title>Qualit\u00e4t und Wachstum - Bruellan<\/title>\n<meta name=\"robots\" content=\"index, follow, max-snippet:-1, max-image-preview:large, max-video-preview:-1\" \/>\n<link rel=\"canonical\" href=\"https:\/\/www.bruellan.ch\/de\/asset-management\/fonds-qualite\/\" \/>\n<meta property=\"og:locale\" content=\"de_DE\" \/>\n<meta property=\"og:type\" content=\"article\" \/>\n<meta property=\"og:title\" content=\"Qualit\u00e4t und Wachstum - Bruellan\" \/>\n<meta property=\"og:description\" content=\"Langfristig l\u00e4sst sich der Wert eines Unternehmens an seiner F\u00e4higkeit messen, hervorragende Cash-Flows zu erzeugen. Das gelingt am besten Unternehmen, die sich mit ihren Produkten differenzieren und eine starke Position ... Weiterlesen\" \/>\n<meta property=\"og:url\" content=\"https:\/\/www.bruellan.ch\/de\/asset-management\/fonds-qualite\/\" \/>\n<meta property=\"og:site_name\" content=\"Bruellan\" \/>\n<meta property=\"article:modified_time\" content=\"2024-02-16T09:48:12+00:00\" \/>\n<meta property=\"og:image\" content=\"https:\/\/www.bruellan.ch\/wp-content\/uploads\/2023\/01\/Pages_ill_2-1-1320x1000-1.png\" \/>\n<meta name=\"twitter:card\" content=\"summary_large_image\" \/>\n<meta name=\"twitter:label1\" content=\"Gesch\u00e4tzte Lesezeit\" \/>\n\t<meta name=\"twitter:data1\" content=\"1\u00a0Minute\" \/>\n<script type=\"application\/ld+json\" class=\"yoast-schema-graph\">{\"@context\":\"https:\/\/schema.org\",\"@graph\":[{\"@type\":\"WebPage\",\"@id\":\"https:\/\/www.bruellan.ch\/de\/asset-management\/fonds-qualite\/\",\"url\":\"https:\/\/www.bruellan.ch\/de\/asset-management\/fonds-qualite\/\",\"name\":\"Qualit\u00e4t und Wachstum - Bruellan\",\"isPartOf\":{\"@id\":\"https:\/\/www.bruellan.ch\/#website\"},\"primaryImageOfPage\":{\"@id\":\"https:\/\/www.bruellan.ch\/de\/asset-management\/fonds-qualite\/#primaryimage\"},\"image\":{\"@id\":\"https:\/\/www.bruellan.ch\/de\/asset-management\/fonds-qualite\/#primaryimage\"},\"thumbnailUrl\":\"https:\/\/www.bruellan.ch\/wp-content\/uploads\/2023\/01\/Pages_ill_2-1-1320x1000-1.png\",\"datePublished\":\"2023-05-04T06:50:09+00:00\",\"dateModified\":\"2024-02-16T09:48:12+00:00\",\"breadcrumb\":{\"@id\":\"https:\/\/www.bruellan.ch\/de\/asset-management\/fonds-qualite\/#breadcrumb\"},\"inLanguage\":\"de\",\"potentialAction\":[{\"@type\":\"ReadAction\",\"target\":[\"https:\/\/www.bruellan.ch\/de\/asset-management\/fonds-qualite\/\"]}]},{\"@type\":\"ImageObject\",\"inLanguage\":\"de\",\"@id\":\"https:\/\/www.bruellan.ch\/de\/asset-management\/fonds-qualite\/#primaryimage\",\"url\":\"https:\/\/www.bruellan.ch\/wp-content\/uploads\/2023\/01\/Pages_ill_2-1-1320x1000-1.png\",\"contentUrl\":\"https:\/\/www.bruellan.ch\/wp-content\/uploads\/2023\/01\/Pages_ill_2-1-1320x1000-1.png\"},{\"@type\":\"BreadcrumbList\",\"@id\":\"https:\/\/www.bruellan.ch\/de\/asset-management\/fonds-qualite\/#breadcrumb\",\"itemListElement\":[{\"@type\":\"ListItem\",\"position\":1,\"name\":\"Home\",\"item\":\"https:\/\/www.bruellan.ch\/de\/\"},{\"@type\":\"ListItem\",\"position\":2,\"name\":\"Asset-Management\",\"item\":\"https:\/\/www.bruellan.ch\/de\/asset-management\/\"},{\"@type\":\"ListItem\",\"position\":3,\"name\":\"Qualit\u00e4t und Wachstum\"}]},{\"@type\":\"WebSite\",\"@id\":\"https:\/\/www.bruellan.ch\/#website\",\"url\":\"https:\/\/www.bruellan.ch\/\",\"name\":\"Bruellan\",\"description\":\"Votre partenaire suisse dans la gestion et la transmission de votre patrimoine familial\",\"publisher\":{\"@id\":\"https:\/\/www.bruellan.ch\/#organization\"},\"potentialAction\":[{\"@type\":\"SearchAction\",\"target\":{\"@type\":\"EntryPoint\",\"urlTemplate\":\"https:\/\/www.bruellan.ch\/?s={search_term_string}\"},\"query-input\":{\"@type\":\"PropertyValueSpecification\",\"valueRequired\":true,\"valueName\":\"search_term_string\"}}],\"inLanguage\":\"de\"},{\"@type\":\"Organization\",\"@id\":\"https:\/\/www.bruellan.ch\/#organization\",\"name\":\"Bruellan\",\"url\":\"https:\/\/www.bruellan.ch\/\",\"logo\":{\"@type\":\"ImageObject\",\"inLanguage\":\"de\",\"@id\":\"https:\/\/www.bruellan.ch\/#\/schema\/logo\/image\/\",\"url\":\"https:\/\/www.bruellan.ch\/wp-content\/uploads\/2023\/12\/bruellan-logo.png\",\"contentUrl\":\"https:\/\/www.bruellan.ch\/wp-content\/uploads\/2023\/12\/bruellan-logo.png\",\"width\":800,\"height\":185,\"caption\":\"Bruellan\"},\"image\":{\"@id\":\"https:\/\/www.bruellan.ch\/#\/schema\/logo\/image\/\"},\"sameAs\":[\"https:\/\/www.linkedin.com\/company\/bruellan-s-a-\/\",\"https:\/\/www.youtube.com\/@bruellangroup7443\",\"https:\/\/www.instagram.com\/bruellan_sa\/?hl=fr\"]}]}<\/script>\n<!-- \/ Yoast SEO plugin. -->","yoast_head_json":{"title":"Qualit\u00e4t und Wachstum - Bruellan","robots":{"index":"index","follow":"follow","max-snippet":"max-snippet:-1","max-image-preview":"max-image-preview:large","max-video-preview":"max-video-preview:-1"},"canonical":"https:\/\/www.bruellan.ch\/de\/asset-management\/fonds-qualite\/","og_locale":"de_DE","og_type":"article","og_title":"Qualit\u00e4t und Wachstum - Bruellan","og_description":"Langfristig l\u00e4sst sich der Wert eines Unternehmens an seiner F\u00e4higkeit messen, hervorragende Cash-Flows zu erzeugen. Das gelingt am besten Unternehmen, die sich mit ihren Produkten differenzieren und eine starke Position ... Weiterlesen","og_url":"https:\/\/www.bruellan.ch\/de\/asset-management\/fonds-qualite\/","og_site_name":"Bruellan","article_modified_time":"2024-02-16T09:48:12+00:00","og_image":[{"url":"https:\/\/www.bruellan.ch\/wp-content\/uploads\/2023\/01\/Pages_ill_2-1-1320x1000-1.png","type":"","width":"","height":""}],"twitter_card":"summary_large_image","twitter_misc":{"Gesch\u00e4tzte Lesezeit":"1\u00a0Minute"},"schema":{"@context":"https:\/\/schema.org","@graph":[{"@type":"WebPage","@id":"https:\/\/www.bruellan.ch\/de\/asset-management\/fonds-qualite\/","url":"https:\/\/www.bruellan.ch\/de\/asset-management\/fonds-qualite\/","name":"Qualit\u00e4t und Wachstum - Bruellan","isPartOf":{"@id":"https:\/\/www.bruellan.ch\/#website"},"primaryImageOfPage":{"@id":"https:\/\/www.bruellan.ch\/de\/asset-management\/fonds-qualite\/#primaryimage"},"image":{"@id":"https:\/\/www.bruellan.ch\/de\/asset-management\/fonds-qualite\/#primaryimage"},"thumbnailUrl":"https:\/\/www.bruellan.ch\/wp-content\/uploads\/2023\/01\/Pages_ill_2-1-1320x1000-1.png","datePublished":"2023-05-04T06:50:09+00:00","dateModified":"2024-02-16T09:48:12+00:00","breadcrumb":{"@id":"https:\/\/www.bruellan.ch\/de\/asset-management\/fonds-qualite\/#breadcrumb"},"inLanguage":"de","potentialAction":[{"@type":"ReadAction","target":["https:\/\/www.bruellan.ch\/de\/asset-management\/fonds-qualite\/"]}]},{"@type":"ImageObject","inLanguage":"de","@id":"https:\/\/www.bruellan.ch\/de\/asset-management\/fonds-qualite\/#primaryimage","url":"https:\/\/www.bruellan.ch\/wp-content\/uploads\/2023\/01\/Pages_ill_2-1-1320x1000-1.png","contentUrl":"https:\/\/www.bruellan.ch\/wp-content\/uploads\/2023\/01\/Pages_ill_2-1-1320x1000-1.png"},{"@type":"BreadcrumbList","@id":"https:\/\/www.bruellan.ch\/de\/asset-management\/fonds-qualite\/#breadcrumb","itemListElement":[{"@type":"ListItem","position":1,"name":"Home","item":"https:\/\/www.bruellan.ch\/de\/"},{"@type":"ListItem","position":2,"name":"Asset-Management","item":"https:\/\/www.bruellan.ch\/de\/asset-management\/"},{"@type":"ListItem","position":3,"name":"Qualit\u00e4t und Wachstum"}]},{"@type":"WebSite","@id":"https:\/\/www.bruellan.ch\/#website","url":"https:\/\/www.bruellan.ch\/","name":"Bruellan","description":"Votre partenaire suisse dans la gestion et la transmission de votre patrimoine familial","publisher":{"@id":"https:\/\/www.bruellan.ch\/#organization"},"potentialAction":[{"@type":"SearchAction","target":{"@type":"EntryPoint","urlTemplate":"https:\/\/www.bruellan.ch\/?s={search_term_string}"},"query-input":{"@type":"PropertyValueSpecification","valueRequired":true,"valueName":"search_term_string"}}],"inLanguage":"de"},{"@type":"Organization","@id":"https:\/\/www.bruellan.ch\/#organization","name":"Bruellan","url":"https:\/\/www.bruellan.ch\/","logo":{"@type":"ImageObject","inLanguage":"de","@id":"https:\/\/www.bruellan.ch\/#\/schema\/logo\/image\/","url":"https:\/\/www.bruellan.ch\/wp-content\/uploads\/2023\/12\/bruellan-logo.png","contentUrl":"https:\/\/www.bruellan.ch\/wp-content\/uploads\/2023\/12\/bruellan-logo.png","width":800,"height":185,"caption":"Bruellan"},"image":{"@id":"https:\/\/www.bruellan.ch\/#\/schema\/logo\/image\/"},"sameAs":["https:\/\/www.linkedin.com\/company\/bruellan-s-a-\/","https:\/\/www.youtube.com\/@bruellangroup7443","https:\/\/www.instagram.com\/bruellan_sa\/?hl=fr"]}]}},"_links":{"self":[{"href":"https:\/\/www.bruellan.ch\/de\/wp-json\/wp\/v2\/pages\/196799","targetHints":{"allow":["GET"]}}],"collection":[{"href":"https:\/\/www.bruellan.ch\/de\/wp-json\/wp\/v2\/pages"}],"about":[{"href":"https:\/\/www.bruellan.ch\/de\/wp-json\/wp\/v2\/types\/page"}],"author":[{"embeddable":true,"href":"https:\/\/www.bruellan.ch\/de\/wp-json\/wp\/v2\/users\/1"}],"replies":[{"embeddable":true,"href":"https:\/\/www.bruellan.ch\/de\/wp-json\/wp\/v2\/comments?post=196799"}],"version-history":[{"count":6,"href":"https:\/\/www.bruellan.ch\/de\/wp-json\/wp\/v2\/pages\/196799\/revisions"}],"predecessor-version":[{"id":196843,"href":"https:\/\/www.bruellan.ch\/de\/wp-json\/wp\/v2\/pages\/196799\/revisions\/196843"}],"up":[{"embeddable":true,"href":"https:\/\/www.bruellan.ch\/de\/wp-json\/wp\/v2\/pages\/196740"}],"wp:attachment":[{"href":"https:\/\/www.bruellan.ch\/de\/wp-json\/wp\/v2\/media?parent=196799"}],"curies":[{"name":"wp","href":"https:\/\/api.w.org\/{rel}","templated":true}]}}