{"id":196795,"date":"2023-05-04T08:48:07","date_gmt":"2023-05-04T06:48:07","guid":{"rendered":"https:\/\/www.bruellan.ch\/asset-management\/fonds-suisse\/"},"modified":"2024-02-26T16:51:35","modified_gmt":"2024-02-26T15:51:35","slug":"fonds-suisse","status":"publish","type":"page","link":"https:\/\/www.bruellan.ch\/de\/asset-management\/fonds-suisse\/","title":{"rendered":"Schweizer Markt"},"content":{"rendered":"\n<div class=\"wp-block-cover alignfull page-header-banner\" style=\"min-height:50px;aspect-ratio:unset;\"><span aria-hidden=\"true\" class=\"wp-block-cover__background has-vert-background-color has-background-dim-100 has-background-dim\"><\/span><div class=\"wp-block-cover__inner-container is-layout-flow wp-block-cover-is-layout-flow\">\n<div class=\"wp-block-media-text has-media-on-the-right is-stacked-on-mobile animated fadeIn slow\"><div class=\"wp-block-media-text__content\">\n<h1 class=\"wp-block-heading\">Der Schweizer Markt<\/h1>\n\n\n\n<h3 class=\"wp-block-heading has-text-align-left\">Innovative, leistungsstarke, robuste Unternehmen<\/h3>\n<\/div><figure class=\"wp-block-media-text__media\"><img loading=\"lazy\" decoding=\"async\" width=\"1320\" height=\"1000\" src=\"https:\/\/www.bruellan.ch\/wp-content\/uploads\/2023\/01\/Pages_ill_2-1-1320x1000-1.png\" alt=\"\" class=\"wp-image-1712 size-full\" srcset=\"https:\/\/www.bruellan.ch\/wp-content\/uploads\/2023\/01\/Pages_ill_2-1-1320x1000-1.png 1320w, https:\/\/www.bruellan.ch\/wp-content\/uploads\/2023\/01\/Pages_ill_2-1-1320x1000-1-660x500.png 660w, https:\/\/www.bruellan.ch\/wp-content\/uploads\/2023\/01\/Pages_ill_2-1-1320x1000-1-768x582.png 768w\" sizes=\"auto, (max-width: 1320px) 100vw, 1320px\" \/><\/figure><\/div>\n<\/div><\/div>\n\n\n\n<div style=\"height:100px\" aria-hidden=\"true\" class=\"wp-block-spacer\"><\/div>\n\n\n\n<div class=\"wp-block-media-text has-media-on-the-right is-stacked-on-mobile is-vertically-aligned-center is-image-fill\"><div class=\"wp-block-media-text__content\">\n<p>Schon ab der Gr\u00fcndung unserer Abteilung Asset-Management im Jahr 2011 erschien es uns offensichtlich wie auch notwendig, unseren Kunden einen Fonds mit Schweizer Aktien anzubieten, da das Land sich durch leistungsstarke, qualitativ hochwertige Unternehmen auszeichnet. Die St\u00e4rke der Schweizer Wirtschaft beruht auf ihrer hervorragenden Anpassungsf\u00e4higkeit wie auch auf ihrer aussergew\u00f6hnlichen Flexibilit\u00e4t. <\/p>\n\n\n\n<p>Dank eines stabilen politischen Systems, eines geringen Verschuldungsgrads und eines ausgezeichneten Bildungssystems ist das Land in der Lage, grossz\u00fcgig in Forschung und Entwicklung zu investieren und sich einen Platz an der Spitze weltweiter Wettbewerbs-Rankings zu sichern. <\/p>\n\n\n\n<p>Daher kommt es nicht \u00fcberraschend, dass die Schweiz trotz der kleinen Gr\u00f6sse manche der weltweit gr\u00f6ssten Unternehmen und Champions hinsichtlich Wachstum und Innovationen vorweisen kann.<\/p>\n<\/div><figure class=\"wp-block-media-text__media\" style=\"background-image:url(https:\/\/www.bruellan.ch\/wp-content\/uploads\/2023\/09\/wide-shot-tourists-near-lake-bottom-mountains-surrounded-with-trees-green-plants-light-1320x990.jpg);background-position:50% 50%\"><img loading=\"lazy\" decoding=\"async\" width=\"1320\" height=\"990\" src=\"https:\/\/www.bruellan.ch\/wp-content\/uploads\/2023\/09\/wide-shot-tourists-near-lake-bottom-mountains-surrounded-with-trees-green-plants-light-1320x990.jpg\" alt=\"\" class=\"wp-image-150111 size-full\" srcset=\"https:\/\/www.bruellan.ch\/wp-content\/uploads\/2023\/09\/wide-shot-tourists-near-lake-bottom-mountains-surrounded-with-trees-green-plants-light-1320x990.jpg 1320w, https:\/\/www.bruellan.ch\/wp-content\/uploads\/2023\/09\/wide-shot-tourists-near-lake-bottom-mountains-surrounded-with-trees-green-plants-light-660x495.jpg 660w, https:\/\/www.bruellan.ch\/wp-content\/uploads\/2023\/09\/wide-shot-tourists-near-lake-bottom-mountains-surrounded-with-trees-green-plants-light-768x576.jpg 768w, https:\/\/www.bruellan.ch\/wp-content\/uploads\/2023\/09\/wide-shot-tourists-near-lake-bottom-mountains-surrounded-with-trees-green-plants-light-1536x1152.jpg 1536w, https:\/\/www.bruellan.ch\/wp-content\/uploads\/2023\/09\/wide-shot-tourists-near-lake-bottom-mountains-surrounded-with-trees-green-plants-light.jpg 1800w\" sizes=\"auto, (max-width: 1320px) 100vw, 1320px\" \/><\/figure><\/div>\n\n\n\n<div class=\"wp-block-media-text is-stacked-on-mobile is-vertically-aligned-center is-image-fill\"><figure class=\"wp-block-media-text__media\" style=\"background-image:url(https:\/\/www.bruellan.ch\/wp-content\/uploads\/2023\/09\/scenery-beautiful-river-mountains-small-houses-cloudy-sky-light-1320x1178.jpg);background-position:50% 50%\"><img loading=\"lazy\" decoding=\"async\" width=\"1320\" height=\"1178\" src=\"https:\/\/www.bruellan.ch\/wp-content\/uploads\/2023\/09\/scenery-beautiful-river-mountains-small-houses-cloudy-sky-light-1320x1178.jpg\" alt=\"\" class=\"wp-image-150105 size-full\" srcset=\"https:\/\/www.bruellan.ch\/wp-content\/uploads\/2023\/09\/scenery-beautiful-river-mountains-small-houses-cloudy-sky-light-1320x1178.jpg 1320w, https:\/\/www.bruellan.ch\/wp-content\/uploads\/2023\/09\/scenery-beautiful-river-mountains-small-houses-cloudy-sky-light-660x589.jpg 660w, https:\/\/www.bruellan.ch\/wp-content\/uploads\/2023\/09\/scenery-beautiful-river-mountains-small-houses-cloudy-sky-light-768x685.jpg 768w, https:\/\/www.bruellan.ch\/wp-content\/uploads\/2023\/09\/scenery-beautiful-river-mountains-small-houses-cloudy-sky-light-1536x1370.jpg 1536w, https:\/\/www.bruellan.ch\/wp-content\/uploads\/2023\/09\/scenery-beautiful-river-mountains-small-houses-cloudy-sky-light.jpg 1800w\" sizes=\"auto, (max-width: 1320px) 100vw, 1320px\" \/><\/figure><div class=\"wp-block-media-text__content\">\n<p>Der <a href=\"https:\/\/www.bruellan.ch\/de\/asset-management\/#bruellan-dynamic-fund-swiss-equities\" data-type=\"page\" data-id=\"517\">&#8222;<strong>Bruellan Dynamic Swiss Equities<\/strong>&#8222;<\/a>, ein Fonds nach Schweizer Recht, wurde 2015 aufgelegt. Er spiegelt die Struktur der Schweizer Wirtschaft in ihrer Vielfalt, Innovationskraft und F\u00e4higkeit, langfristige Wertentwicklung zu schaffen, wider. Im Jahr 2021 haben wir eine Version nach luxemburgischen Recht aufgelegt. 2020 wurde unser Fonds als bester Fonds in seiner Kategorie auf ein Jahr im von der Zeitschrift Finanz&amp;Wirtschaft eingerichteten Ranking eingestuft, das jedes Jahr durchgef\u00fchrt wird. <\/p>\n\n\n\n<p>Die Schweizer Palette wurde 2020 mit der Auflegung des Fonds<a href=\"https:\/\/www.bruellan.ch\/de\/asset-management\/#protea-fund-bam-swiss-family-enterprises\" data-type=\"page\" data-id=\"517\">&#8222;<strong>BAM Swiss Family Enterprises<\/strong>&#8222;<\/a> erweitert. Dieser Fonds konzentriert sich auf Schweizer Unternehmen, deren Kapital nach wie vor von den Gr\u00fcnderfamilien oder ihren Nachkommen gehalten wird. Diese Unternehmen sind in der Schweiz stark vertreten und zeichnen sich durch einzigartige Merkmale aus, die es ihnen erm\u00f6glichen, sich langfristig \u00fcberdurchschnittlich zu entwickeln.<\/p>\n<\/div><\/div>\n\n\n\n<div class=\"wp-block-cover alignfull is-light\"><span aria-hidden=\"true\" class=\"wp-block-cover__background has-vert-moyen-clair-background-color has-background-dim-100 has-background-dim\"><\/span><div class=\"wp-block-cover__inner-container is-layout-constrained wp-block-cover-is-layout-constrained\">\n<div class=\"wp-block-media-text has-media-on-the-right is-stacked-on-mobile is-vertically-aligned-center is-image-fill\"><div class=\"wp-block-media-text__content\">\n<h2 class=\"wp-block-heading\">Haben Sie schon gewusst?<\/h2>\n\n\n\n<p><strong>&#8230; Die Schweiz ist das Land, das j\u00e4hrlich die meisten Patenten pro Einwohner einreicht.<\/strong><\/p>\n\n\n\n<p><strong>&#8230; \u00dcber 99 % der Schweizer Unternehmen sind KMU und besch\u00e4ftigen weniger als 250 Personen.<\/strong><\/p>\n\n\n\n<p><strong>&#8230; Das Bruttoinlandsprodukt (BIP) pro Einwohner der Schweiz ist das zweith\u00f6chste in der Welt.<\/strong><\/p>\n<\/div><figure class=\"wp-block-media-text__media\" style=\"background-image:url(https:\/\/www.bruellan.ch\/wp-content\/uploads\/2023\/09\/vertical-shot-forested-mountains-cloudy-sky-daytime-light-1320x1010.jpg);background-position:50% 50%\"><img loading=\"lazy\" decoding=\"async\" width=\"1320\" height=\"1010\" src=\"https:\/\/www.bruellan.ch\/wp-content\/uploads\/2023\/09\/vertical-shot-forested-mountains-cloudy-sky-daytime-light-1320x1010.jpg\" alt=\"\" class=\"wp-image-150107 size-full\" srcset=\"https:\/\/www.bruellan.ch\/wp-content\/uploads\/2023\/09\/vertical-shot-forested-mountains-cloudy-sky-daytime-light-1320x1010.jpg 1320w, https:\/\/www.bruellan.ch\/wp-content\/uploads\/2023\/09\/vertical-shot-forested-mountains-cloudy-sky-daytime-light-660x505.jpg 660w, https:\/\/www.bruellan.ch\/wp-content\/uploads\/2023\/09\/vertical-shot-forested-mountains-cloudy-sky-daytime-light-768x588.jpg 768w, https:\/\/www.bruellan.ch\/wp-content\/uploads\/2023\/09\/vertical-shot-forested-mountains-cloudy-sky-daytime-light-1536x1175.jpg 1536w, https:\/\/www.bruellan.ch\/wp-content\/uploads\/2023\/09\/vertical-shot-forested-mountains-cloudy-sky-daytime-light.jpg 1800w\" sizes=\"auto, (max-width: 1320px) 100vw, 1320px\" \/><\/figure><\/div>\n<\/div><\/div>\n\n\n\n<div style=\"height:100px\" aria-hidden=\"true\" class=\"wp-block-spacer\"><\/div>\n\n\n\n<div class=\"wp-block-columns is-layout-flex wp-container-core-columns-is-layout-9d6595d7 wp-block-columns-is-layout-flex\">\n<div class=\"wp-block-column is-layout-flow wp-block-column-is-layout-flow\">\n<figure class=\"wp-block-embed is-type-video is-provider-youtube wp-block-embed-youtube wp-embed-aspect-16-9 wp-has-aspect-ratio\"><div class=\"wp-block-embed__wrapper\">\n<iframe loading=\"lazy\" title=\"THE COMPETITIVENESS OF THE SWISS INDUSTRY\" width=\"1320\" height=\"743\" src=\"https:\/\/www.youtube.com\/embed\/srbDPyZGvcs?feature=oembed\" frameborder=\"0\" allow=\"accelerometer; autoplay; clipboard-write; encrypted-media; gyroscope; picture-in-picture; web-share\" allowfullscreen><\/iframe>\n<\/div><\/figure>\n<\/div>\n\n\n\n<div class=\"wp-block-column is-layout-flow wp-block-column-is-layout-flow\">\n<figure class=\"wp-block-embed is-type-video is-provider-youtube wp-block-embed-youtube wp-embed-aspect-16-9 wp-has-aspect-ratio\"><div class=\"wp-block-embed__wrapper\">\n<iframe loading=\"lazy\" title=\"Swiss Outlook 2024\" width=\"1320\" height=\"743\" src=\"https:\/\/www.youtube.com\/embed\/ddbwH8bwsHU?feature=oembed\" frameborder=\"0\" allow=\"accelerometer; autoplay; clipboard-write; encrypted-media; gyroscope; picture-in-picture; web-share\" allowfullscreen><\/iframe>\n<\/div><\/figure>\n<\/div>\n<\/div>\n\n\n\n<div style=\"height:100px\" aria-hidden=\"true\" class=\"wp-block-spacer\"><\/div>\n\n\n\n<hr class=\"wp-block-separator has-alpha-channel-opacity\"\/>\n\n\n\n<h2 class=\"wp-block-heading\">Ihre Ansprechpartnerin<\/h2>\n\n\n\n<div class=\"wp-block-columns is-layout-flex wp-container-core-columns-is-layout-9d6595d7 wp-block-columns-is-layout-flex\">\n<div class=\"wp-block-column is-layout-flow wp-block-column-is-layout-flow\">\n<div class=\"wp-block-columns is-layout-flex wp-container-core-columns-is-layout-9d6595d7 wp-block-columns-is-layout-flex\">\n<div class=\"wp-block-column is-layout-flow wp-block-column-is-layout-flow\" style=\"flex-basis:30%\">\n<figure class=\"wp-block-image size-full is-resized\"><img loading=\"lazy\" decoding=\"async\" width=\"1129\" height=\"1234\" src=\"https:\/\/www.bruellan.ch\/wp-content\/uploads\/2023\/04\/Photo-ANB_sept21-1-e1633602016593.jpg\" alt=\"\" class=\"wp-image-149955\" style=\"object-fit:cover;width:180px;height:180px\" srcset=\"https:\/\/www.bruellan.ch\/wp-content\/uploads\/2023\/04\/Photo-ANB_sept21-1-e1633602016593.jpg 1129w, https:\/\/www.bruellan.ch\/wp-content\/uploads\/2023\/04\/Photo-ANB_sept21-1-e1633602016593-660x721.jpg 660w, https:\/\/www.bruellan.ch\/wp-content\/uploads\/2023\/04\/Photo-ANB_sept21-1-e1633602016593-768x839.jpg 768w\" sizes=\"auto, (max-width: 1129px) 100vw, 1129px\" \/><\/figure>\n<\/div>\n\n\n\n<div class=\"wp-block-column is-layout-flow wp-block-column-is-layout-flow\" style=\"flex-basis:70%\">\n<p><strong>Anick Baud<\/strong><\/p>\n\n\n\n<p>Senior Fund Manager<br>Genf<\/p>\n<\/div>\n<\/div>\n<\/div>\n\n\n\n<div class=\"wp-block-column is-layout-flow wp-block-column-is-layout-flow\"><\/div>\n<\/div>\n","protected":false},"excerpt":{"rendered":"<p>Schon ab der Gr\u00fcndung unserer Abteilung Asset-Management im Jahr 2011 erschien es uns offensichtlich wie auch notwendig, unseren Kunden einen Fonds mit Schweizer Aktien anzubieten, da das Land sich durch &#8230; <\/p>\n<div class=\"read-more-link-box\"><a class=\"read-more-link\" href=\"https:\/\/www.bruellan.ch\/de\/asset-management\/fonds-suisse\/\">Weiterlesen<\/a><\/div>\n","protected":false},"author":1,"featured_media":0,"parent":196740,"menu_order":0,"comment_status":"closed","ping_status":"closed","template":"","meta":{"_acf_changed":false,"footnotes":""},"class_list":["post-196795","page","type-page","status-publish","hentry"],"acf":[],"yoast_head":"<!-- This site is optimized with the Yoast SEO plugin v26.7 - https:\/\/yoast.com\/wordpress\/plugins\/seo\/ -->\n<title>Schweizer Markt - Bruellan<\/title>\n<meta name=\"robots\" content=\"index, follow, max-snippet:-1, max-image-preview:large, max-video-preview:-1\" \/>\n<link rel=\"canonical\" href=\"https:\/\/www.bruellan.ch\/de\/asset-management\/fonds-suisse\/\" \/>\n<meta property=\"og:locale\" content=\"de_DE\" \/>\n<meta property=\"og:type\" content=\"article\" \/>\n<meta property=\"og:title\" content=\"Schweizer Markt - Bruellan\" \/>\n<meta property=\"og:description\" content=\"Schon ab der Gr\u00fcndung unserer Abteilung Asset-Management im Jahr 2011 erschien es uns offensichtlich wie auch notwendig, unseren Kunden einen Fonds mit Schweizer Aktien anzubieten, da das Land sich durch ... Weiterlesen\" \/>\n<meta property=\"og:url\" content=\"https:\/\/www.bruellan.ch\/de\/asset-management\/fonds-suisse\/\" \/>\n<meta property=\"og:site_name\" content=\"Bruellan\" \/>\n<meta property=\"article:modified_time\" content=\"2024-02-26T15:51:35+00:00\" \/>\n<meta property=\"og:image\" content=\"https:\/\/www.bruellan.ch\/wp-content\/uploads\/2023\/01\/Pages_ill_2-1-1320x1000-1.png\" \/>\n<meta name=\"twitter:card\" content=\"summary_large_image\" \/>\n<meta name=\"twitter:label1\" content=\"Gesch\u00e4tzte Lesezeit\" \/>\n\t<meta name=\"twitter:data1\" content=\"3\u00a0Minuten\" \/>\n<script type=\"application\/ld+json\" class=\"yoast-schema-graph\">{\"@context\":\"https:\/\/schema.org\",\"@graph\":[{\"@type\":\"WebPage\",\"@id\":\"https:\/\/www.bruellan.ch\/de\/asset-management\/fonds-suisse\/\",\"url\":\"https:\/\/www.bruellan.ch\/de\/asset-management\/fonds-suisse\/\",\"name\":\"Schweizer Markt - Bruellan\",\"isPartOf\":{\"@id\":\"https:\/\/www.bruellan.ch\/#website\"},\"primaryImageOfPage\":{\"@id\":\"https:\/\/www.bruellan.ch\/de\/asset-management\/fonds-suisse\/#primaryimage\"},\"image\":{\"@id\":\"https:\/\/www.bruellan.ch\/de\/asset-management\/fonds-suisse\/#primaryimage\"},\"thumbnailUrl\":\"https:\/\/www.bruellan.ch\/wp-content\/uploads\/2023\/01\/Pages_ill_2-1-1320x1000-1.png\",\"datePublished\":\"2023-05-04T06:48:07+00:00\",\"dateModified\":\"2024-02-26T15:51:35+00:00\",\"breadcrumb\":{\"@id\":\"https:\/\/www.bruellan.ch\/de\/asset-management\/fonds-suisse\/#breadcrumb\"},\"inLanguage\":\"de\",\"potentialAction\":[{\"@type\":\"ReadAction\",\"target\":[\"https:\/\/www.bruellan.ch\/de\/asset-management\/fonds-suisse\/\"]}]},{\"@type\":\"ImageObject\",\"inLanguage\":\"de\",\"@id\":\"https:\/\/www.bruellan.ch\/de\/asset-management\/fonds-suisse\/#primaryimage\",\"url\":\"https:\/\/www.bruellan.ch\/wp-content\/uploads\/2023\/01\/Pages_ill_2-1-1320x1000-1.png\",\"contentUrl\":\"https:\/\/www.bruellan.ch\/wp-content\/uploads\/2023\/01\/Pages_ill_2-1-1320x1000-1.png\"},{\"@type\":\"BreadcrumbList\",\"@id\":\"https:\/\/www.bruellan.ch\/de\/asset-management\/fonds-suisse\/#breadcrumb\",\"itemListElement\":[{\"@type\":\"ListItem\",\"position\":1,\"name\":\"Home\",\"item\":\"https:\/\/www.bruellan.ch\/de\/\"},{\"@type\":\"ListItem\",\"position\":2,\"name\":\"Asset-Management\",\"item\":\"https:\/\/www.bruellan.ch\/de\/asset-management\/\"},{\"@type\":\"ListItem\",\"position\":3,\"name\":\"Schweizer Markt\"}]},{\"@type\":\"WebSite\",\"@id\":\"https:\/\/www.bruellan.ch\/#website\",\"url\":\"https:\/\/www.bruellan.ch\/\",\"name\":\"Bruellan\",\"description\":\"Votre partenaire suisse dans la gestion et la transmission de votre patrimoine familial\",\"publisher\":{\"@id\":\"https:\/\/www.bruellan.ch\/#organization\"},\"potentialAction\":[{\"@type\":\"SearchAction\",\"target\":{\"@type\":\"EntryPoint\",\"urlTemplate\":\"https:\/\/www.bruellan.ch\/?s={search_term_string}\"},\"query-input\":{\"@type\":\"PropertyValueSpecification\",\"valueRequired\":true,\"valueName\":\"search_term_string\"}}],\"inLanguage\":\"de\"},{\"@type\":\"Organization\",\"@id\":\"https:\/\/www.bruellan.ch\/#organization\",\"name\":\"Bruellan\",\"url\":\"https:\/\/www.bruellan.ch\/\",\"logo\":{\"@type\":\"ImageObject\",\"inLanguage\":\"de\",\"@id\":\"https:\/\/www.bruellan.ch\/#\/schema\/logo\/image\/\",\"url\":\"https:\/\/www.bruellan.ch\/wp-content\/uploads\/2023\/12\/bruellan-logo.png\",\"contentUrl\":\"https:\/\/www.bruellan.ch\/wp-content\/uploads\/2023\/12\/bruellan-logo.png\",\"width\":800,\"height\":185,\"caption\":\"Bruellan\"},\"image\":{\"@id\":\"https:\/\/www.bruellan.ch\/#\/schema\/logo\/image\/\"},\"sameAs\":[\"https:\/\/www.linkedin.com\/company\/bruellan-s-a-\/\",\"https:\/\/www.youtube.com\/@bruellangroup7443\",\"https:\/\/www.instagram.com\/bruellan_sa\/?hl=fr\"]}]}<\/script>\n<!-- \/ Yoast SEO plugin. -->","yoast_head_json":{"title":"Schweizer Markt - Bruellan","robots":{"index":"index","follow":"follow","max-snippet":"max-snippet:-1","max-image-preview":"max-image-preview:large","max-video-preview":"max-video-preview:-1"},"canonical":"https:\/\/www.bruellan.ch\/de\/asset-management\/fonds-suisse\/","og_locale":"de_DE","og_type":"article","og_title":"Schweizer Markt - Bruellan","og_description":"Schon ab der Gr\u00fcndung unserer Abteilung Asset-Management im Jahr 2011 erschien es uns offensichtlich wie auch notwendig, unseren Kunden einen Fonds mit Schweizer Aktien anzubieten, da das Land sich durch ... Weiterlesen","og_url":"https:\/\/www.bruellan.ch\/de\/asset-management\/fonds-suisse\/","og_site_name":"Bruellan","article_modified_time":"2024-02-26T15:51:35+00:00","og_image":[{"url":"https:\/\/www.bruellan.ch\/wp-content\/uploads\/2023\/01\/Pages_ill_2-1-1320x1000-1.png","type":"","width":"","height":""}],"twitter_card":"summary_large_image","twitter_misc":{"Gesch\u00e4tzte Lesezeit":"3\u00a0Minuten"},"schema":{"@context":"https:\/\/schema.org","@graph":[{"@type":"WebPage","@id":"https:\/\/www.bruellan.ch\/de\/asset-management\/fonds-suisse\/","url":"https:\/\/www.bruellan.ch\/de\/asset-management\/fonds-suisse\/","name":"Schweizer Markt - Bruellan","isPartOf":{"@id":"https:\/\/www.bruellan.ch\/#website"},"primaryImageOfPage":{"@id":"https:\/\/www.bruellan.ch\/de\/asset-management\/fonds-suisse\/#primaryimage"},"image":{"@id":"https:\/\/www.bruellan.ch\/de\/asset-management\/fonds-suisse\/#primaryimage"},"thumbnailUrl":"https:\/\/www.bruellan.ch\/wp-content\/uploads\/2023\/01\/Pages_ill_2-1-1320x1000-1.png","datePublished":"2023-05-04T06:48:07+00:00","dateModified":"2024-02-26T15:51:35+00:00","breadcrumb":{"@id":"https:\/\/www.bruellan.ch\/de\/asset-management\/fonds-suisse\/#breadcrumb"},"inLanguage":"de","potentialAction":[{"@type":"ReadAction","target":["https:\/\/www.bruellan.ch\/de\/asset-management\/fonds-suisse\/"]}]},{"@type":"ImageObject","inLanguage":"de","@id":"https:\/\/www.bruellan.ch\/de\/asset-management\/fonds-suisse\/#primaryimage","url":"https:\/\/www.bruellan.ch\/wp-content\/uploads\/2023\/01\/Pages_ill_2-1-1320x1000-1.png","contentUrl":"https:\/\/www.bruellan.ch\/wp-content\/uploads\/2023\/01\/Pages_ill_2-1-1320x1000-1.png"},{"@type":"BreadcrumbList","@id":"https:\/\/www.bruellan.ch\/de\/asset-management\/fonds-suisse\/#breadcrumb","itemListElement":[{"@type":"ListItem","position":1,"name":"Home","item":"https:\/\/www.bruellan.ch\/de\/"},{"@type":"ListItem","position":2,"name":"Asset-Management","item":"https:\/\/www.bruellan.ch\/de\/asset-management\/"},{"@type":"ListItem","position":3,"name":"Schweizer Markt"}]},{"@type":"WebSite","@id":"https:\/\/www.bruellan.ch\/#website","url":"https:\/\/www.bruellan.ch\/","name":"Bruellan","description":"Votre partenaire suisse dans la gestion et la transmission de votre patrimoine familial","publisher":{"@id":"https:\/\/www.bruellan.ch\/#organization"},"potentialAction":[{"@type":"SearchAction","target":{"@type":"EntryPoint","urlTemplate":"https:\/\/www.bruellan.ch\/?s={search_term_string}"},"query-input":{"@type":"PropertyValueSpecification","valueRequired":true,"valueName":"search_term_string"}}],"inLanguage":"de"},{"@type":"Organization","@id":"https:\/\/www.bruellan.ch\/#organization","name":"Bruellan","url":"https:\/\/www.bruellan.ch\/","logo":{"@type":"ImageObject","inLanguage":"de","@id":"https:\/\/www.bruellan.ch\/#\/schema\/logo\/image\/","url":"https:\/\/www.bruellan.ch\/wp-content\/uploads\/2023\/12\/bruellan-logo.png","contentUrl":"https:\/\/www.bruellan.ch\/wp-content\/uploads\/2023\/12\/bruellan-logo.png","width":800,"height":185,"caption":"Bruellan"},"image":{"@id":"https:\/\/www.bruellan.ch\/#\/schema\/logo\/image\/"},"sameAs":["https:\/\/www.linkedin.com\/company\/bruellan-s-a-\/","https:\/\/www.youtube.com\/@bruellangroup7443","https:\/\/www.instagram.com\/bruellan_sa\/?hl=fr"]}]}},"_links":{"self":[{"href":"https:\/\/www.bruellan.ch\/de\/wp-json\/wp\/v2\/pages\/196795","targetHints":{"allow":["GET"]}}],"collection":[{"href":"https:\/\/www.bruellan.ch\/de\/wp-json\/wp\/v2\/pages"}],"about":[{"href":"https:\/\/www.bruellan.ch\/de\/wp-json\/wp\/v2\/types\/page"}],"author":[{"embeddable":true,"href":"https:\/\/www.bruellan.ch\/de\/wp-json\/wp\/v2\/users\/1"}],"replies":[{"embeddable":true,"href":"https:\/\/www.bruellan.ch\/de\/wp-json\/wp\/v2\/comments?post=196795"}],"version-history":[{"count":6,"href":"https:\/\/www.bruellan.ch\/de\/wp-json\/wp\/v2\/pages\/196795\/revisions"}],"predecessor-version":[{"id":196949,"href":"https:\/\/www.bruellan.ch\/de\/wp-json\/wp\/v2\/pages\/196795\/revisions\/196949"}],"up":[{"embeddable":true,"href":"https:\/\/www.bruellan.ch\/de\/wp-json\/wp\/v2\/pages\/196740"}],"wp:attachment":[{"href":"https:\/\/www.bruellan.ch\/de\/wp-json\/wp\/v2\/media?parent=196795"}],"curies":[{"name":"wp","href":"https:\/\/api.w.org\/{rel}","templated":true}]}}