{"id":196764,"date":"2022-11-11T14:36:30","date_gmt":"2022-11-11T13:36:30","guid":{"rendered":"https:\/\/www.bruellan.ch\/finma\/"},"modified":"2024-02-09T11:34:44","modified_gmt":"2024-02-09T10:34:44","slug":"finma","status":"publish","type":"page","link":"https:\/\/www.bruellan.ch\/de\/finma\/","title":{"rendered":"FINMA"},"content":{"rendered":"\n<div class=\"wp-block-cover alignfull page-header-banner\" style=\"min-height:50px;aspect-ratio:unset;\"><span aria-hidden=\"true\" class=\"wp-block-cover__background has-vert-background-color has-background-dim-100 has-background-dim\"><\/span><div class=\"wp-block-cover__inner-container is-layout-flow wp-block-cover-is-layout-flow\">\n<div class=\"wp-block-media-text has-media-on-the-right is-stacked-on-mobile\"><div class=\"wp-block-media-text__content\">\n<h1 class=\"wp-block-heading\">Die FINMA <\/h1>\n\n\n\n<h3 class=\"has-text-align-left wp-block-heading\">Unabh\u00e4ngige Aufsichtsbeh\u00f6rde<\/h3>\n<\/div><figure class=\"wp-block-media-text__media\"><img loading=\"lazy\" decoding=\"async\" width=\"1320\" height=\"1000\" src=\"https:\/\/www.bruellan.ch\/wp-content\/uploads\/2023\/01\/Pages_ill_3-1320x1000-1.png\" alt=\"\" class=\"wp-image-1698 size-full\" srcset=\"https:\/\/www.bruellan.ch\/wp-content\/uploads\/2023\/01\/Pages_ill_3-1320x1000-1.png 1320w, https:\/\/www.bruellan.ch\/wp-content\/uploads\/2023\/01\/Pages_ill_3-1320x1000-1-660x500.png 660w, https:\/\/www.bruellan.ch\/wp-content\/uploads\/2023\/01\/Pages_ill_3-1320x1000-1-768x582.png 768w\" sizes=\"auto, (max-width: 1320px) 100vw, 1320px\" \/><\/figure><\/div>\n<\/div><\/div>\n\n<div style=\"height:50px\" aria-hidden=\"true\" class=\"wp-block-spacer\"><\/div>\n\n<div class=\"wp-block-columns is-layout-flex wp-container-core-columns-is-layout-9d6595d7 wp-block-columns-is-layout-flex\">\n<div class=\"wp-block-column is-layout-flow wp-block-column-is-layout-flow\">\n<p>Die FINMA ist die Schweizer Aufsichtsbeh\u00f6rde f\u00fcr die Finanzm\u00e4rkte. Ihre Aufgabe besteht darin, Banken, Versicherungsunternehmen, B\u00f6rsen, Wertpapierh\u00e4ndler, kollektive Kapitalanlagen, ihre Verwalter<br\/>und Fondsdirektionen wie auch Vertriebsstellen und Vermittler von Versicherungen zu \u00fcberwachen.<\/p>\n<\/div>\n\n\n\n<div class=\"wp-block-column is-layout-flow wp-block-column-is-layout-flow\">\n<p>Die Mission der FINMA ist es, Gl\u00e4ubiger, Anleger und Versicherte zu sch\u00fctzen und eine gute Funktionsweise der Schweizer Finanzm\u00e4rkte zu gew\u00e4hrleisten.<\/p>\n<\/div>\n<\/div>\n","protected":false},"excerpt":{"rendered":"<p>Die FINMA ist die Schweizer Aufsichtsbeh\u00f6rde f\u00fcr die Finanzm\u00e4rkte. Ihre Aufgabe besteht darin, Banken, Versicherungsunternehmen, B\u00f6rsen, Wertpapierh\u00e4ndler, kollektive Kapitalanlagen, ihre Verwalterund Fondsdirektionen wie auch Vertriebsstellen und Vermittler von Versicherungen zu &#8230; <\/p>\n<div class=\"read-more-link-box\"><a class=\"read-more-link\" href=\"https:\/\/www.bruellan.ch\/de\/finma\/\">Weiterlesen<\/a><\/div>\n","protected":false},"author":1,"featured_media":0,"parent":0,"menu_order":0,"comment_status":"closed","ping_status":"closed","template":"","meta":{"_acf_changed":false,"footnotes":""},"class_list":["post-196764","page","type-page","status-publish","hentry"],"acf":[],"yoast_head":"<!-- This site is optimized with the Yoast SEO plugin v26.7 - https:\/\/yoast.com\/wordpress\/plugins\/seo\/ -->\n<title>FINMA - Bruellan<\/title>\n<meta name=\"robots\" content=\"index, follow, max-snippet:-1, max-image-preview:large, max-video-preview:-1\" \/>\n<link rel=\"canonical\" href=\"https:\/\/www.bruellan.ch\/de\/finma\/\" \/>\n<meta property=\"og:locale\" content=\"de_DE\" \/>\n<meta property=\"og:type\" content=\"article\" \/>\n<meta property=\"og:title\" content=\"FINMA - Bruellan\" \/>\n<meta property=\"og:description\" content=\"Die FINMA ist die Schweizer Aufsichtsbeh\u00f6rde f\u00fcr die Finanzm\u00e4rkte. Ihre Aufgabe besteht darin, Banken, Versicherungsunternehmen, B\u00f6rsen, Wertpapierh\u00e4ndler, kollektive Kapitalanlagen, ihre Verwalterund Fondsdirektionen wie auch Vertriebsstellen und Vermittler von Versicherungen zu ... Weiterlesen\" \/>\n<meta property=\"og:url\" content=\"https:\/\/www.bruellan.ch\/de\/finma\/\" \/>\n<meta property=\"og:site_name\" content=\"Bruellan\" \/>\n<meta property=\"article:modified_time\" content=\"2024-02-09T10:34:44+00:00\" \/>\n<meta property=\"og:image\" content=\"https:\/\/www.bruellan.ch\/wp-content\/uploads\/2023\/01\/Pages_ill_3-1320x1000-1.png\" \/>\n<meta name=\"twitter:card\" content=\"summary_large_image\" \/>\n<script type=\"application\/ld+json\" class=\"yoast-schema-graph\">{\"@context\":\"https:\/\/schema.org\",\"@graph\":[{\"@type\":\"WebPage\",\"@id\":\"https:\/\/www.bruellan.ch\/de\/finma\/\",\"url\":\"https:\/\/www.bruellan.ch\/de\/finma\/\",\"name\":\"FINMA - Bruellan\",\"isPartOf\":{\"@id\":\"https:\/\/www.bruellan.ch\/#website\"},\"primaryImageOfPage\":{\"@id\":\"https:\/\/www.bruellan.ch\/de\/finma\/#primaryimage\"},\"image\":{\"@id\":\"https:\/\/www.bruellan.ch\/de\/finma\/#primaryimage\"},\"thumbnailUrl\":\"https:\/\/www.bruellan.ch\/wp-content\/uploads\/2023\/01\/Pages_ill_3-1320x1000-1.png\",\"datePublished\":\"2022-11-11T13:36:30+00:00\",\"dateModified\":\"2024-02-09T10:34:44+00:00\",\"breadcrumb\":{\"@id\":\"https:\/\/www.bruellan.ch\/de\/finma\/#breadcrumb\"},\"inLanguage\":\"de\",\"potentialAction\":[{\"@type\":\"ReadAction\",\"target\":[\"https:\/\/www.bruellan.ch\/de\/finma\/\"]}]},{\"@type\":\"ImageObject\",\"inLanguage\":\"de\",\"@id\":\"https:\/\/www.bruellan.ch\/de\/finma\/#primaryimage\",\"url\":\"https:\/\/www.bruellan.ch\/wp-content\/uploads\/2023\/01\/Pages_ill_3-1320x1000-1.png\",\"contentUrl\":\"https:\/\/www.bruellan.ch\/wp-content\/uploads\/2023\/01\/Pages_ill_3-1320x1000-1.png\"},{\"@type\":\"BreadcrumbList\",\"@id\":\"https:\/\/www.bruellan.ch\/de\/finma\/#breadcrumb\",\"itemListElement\":[{\"@type\":\"ListItem\",\"position\":1,\"name\":\"Home\",\"item\":\"https:\/\/www.bruellan.ch\/de\/\"},{\"@type\":\"ListItem\",\"position\":2,\"name\":\"FINMA\"}]},{\"@type\":\"WebSite\",\"@id\":\"https:\/\/www.bruellan.ch\/#website\",\"url\":\"https:\/\/www.bruellan.ch\/\",\"name\":\"Bruellan\",\"description\":\"Votre partenaire suisse dans la gestion et la transmission de votre patrimoine familial\",\"publisher\":{\"@id\":\"https:\/\/www.bruellan.ch\/#organization\"},\"potentialAction\":[{\"@type\":\"SearchAction\",\"target\":{\"@type\":\"EntryPoint\",\"urlTemplate\":\"https:\/\/www.bruellan.ch\/?s={search_term_string}\"},\"query-input\":{\"@type\":\"PropertyValueSpecification\",\"valueRequired\":true,\"valueName\":\"search_term_string\"}}],\"inLanguage\":\"de\"},{\"@type\":\"Organization\",\"@id\":\"https:\/\/www.bruellan.ch\/#organization\",\"name\":\"Bruellan\",\"url\":\"https:\/\/www.bruellan.ch\/\",\"logo\":{\"@type\":\"ImageObject\",\"inLanguage\":\"de\",\"@id\":\"https:\/\/www.bruellan.ch\/#\/schema\/logo\/image\/\",\"url\":\"https:\/\/www.bruellan.ch\/wp-content\/uploads\/2023\/12\/bruellan-logo.png\",\"contentUrl\":\"https:\/\/www.bruellan.ch\/wp-content\/uploads\/2023\/12\/bruellan-logo.png\",\"width\":800,\"height\":185,\"caption\":\"Bruellan\"},\"image\":{\"@id\":\"https:\/\/www.bruellan.ch\/#\/schema\/logo\/image\/\"},\"sameAs\":[\"https:\/\/www.linkedin.com\/company\/bruellan-s-a-\/\",\"https:\/\/www.youtube.com\/@bruellangroup7443\",\"https:\/\/www.instagram.com\/bruellan_sa\/?hl=fr\"]}]}<\/script>\n<!-- \/ Yoast SEO plugin. -->","yoast_head_json":{"title":"FINMA - Bruellan","robots":{"index":"index","follow":"follow","max-snippet":"max-snippet:-1","max-image-preview":"max-image-preview:large","max-video-preview":"max-video-preview:-1"},"canonical":"https:\/\/www.bruellan.ch\/de\/finma\/","og_locale":"de_DE","og_type":"article","og_title":"FINMA - Bruellan","og_description":"Die FINMA ist die Schweizer Aufsichtsbeh\u00f6rde f\u00fcr die Finanzm\u00e4rkte. Ihre Aufgabe besteht darin, Banken, Versicherungsunternehmen, B\u00f6rsen, Wertpapierh\u00e4ndler, kollektive Kapitalanlagen, ihre Verwalterund Fondsdirektionen wie auch Vertriebsstellen und Vermittler von Versicherungen zu ... Weiterlesen","og_url":"https:\/\/www.bruellan.ch\/de\/finma\/","og_site_name":"Bruellan","article_modified_time":"2024-02-09T10:34:44+00:00","og_image":[{"url":"https:\/\/www.bruellan.ch\/wp-content\/uploads\/2023\/01\/Pages_ill_3-1320x1000-1.png","type":"","width":"","height":""}],"twitter_card":"summary_large_image","schema":{"@context":"https:\/\/schema.org","@graph":[{"@type":"WebPage","@id":"https:\/\/www.bruellan.ch\/de\/finma\/","url":"https:\/\/www.bruellan.ch\/de\/finma\/","name":"FINMA - Bruellan","isPartOf":{"@id":"https:\/\/www.bruellan.ch\/#website"},"primaryImageOfPage":{"@id":"https:\/\/www.bruellan.ch\/de\/finma\/#primaryimage"},"image":{"@id":"https:\/\/www.bruellan.ch\/de\/finma\/#primaryimage"},"thumbnailUrl":"https:\/\/www.bruellan.ch\/wp-content\/uploads\/2023\/01\/Pages_ill_3-1320x1000-1.png","datePublished":"2022-11-11T13:36:30+00:00","dateModified":"2024-02-09T10:34:44+00:00","breadcrumb":{"@id":"https:\/\/www.bruellan.ch\/de\/finma\/#breadcrumb"},"inLanguage":"de","potentialAction":[{"@type":"ReadAction","target":["https:\/\/www.bruellan.ch\/de\/finma\/"]}]},{"@type":"ImageObject","inLanguage":"de","@id":"https:\/\/www.bruellan.ch\/de\/finma\/#primaryimage","url":"https:\/\/www.bruellan.ch\/wp-content\/uploads\/2023\/01\/Pages_ill_3-1320x1000-1.png","contentUrl":"https:\/\/www.bruellan.ch\/wp-content\/uploads\/2023\/01\/Pages_ill_3-1320x1000-1.png"},{"@type":"BreadcrumbList","@id":"https:\/\/www.bruellan.ch\/de\/finma\/#breadcrumb","itemListElement":[{"@type":"ListItem","position":1,"name":"Home","item":"https:\/\/www.bruellan.ch\/de\/"},{"@type":"ListItem","position":2,"name":"FINMA"}]},{"@type":"WebSite","@id":"https:\/\/www.bruellan.ch\/#website","url":"https:\/\/www.bruellan.ch\/","name":"Bruellan","description":"Votre partenaire suisse dans la gestion et la transmission de votre patrimoine familial","publisher":{"@id":"https:\/\/www.bruellan.ch\/#organization"},"potentialAction":[{"@type":"SearchAction","target":{"@type":"EntryPoint","urlTemplate":"https:\/\/www.bruellan.ch\/?s={search_term_string}"},"query-input":{"@type":"PropertyValueSpecification","valueRequired":true,"valueName":"search_term_string"}}],"inLanguage":"de"},{"@type":"Organization","@id":"https:\/\/www.bruellan.ch\/#organization","name":"Bruellan","url":"https:\/\/www.bruellan.ch\/","logo":{"@type":"ImageObject","inLanguage":"de","@id":"https:\/\/www.bruellan.ch\/#\/schema\/logo\/image\/","url":"https:\/\/www.bruellan.ch\/wp-content\/uploads\/2023\/12\/bruellan-logo.png","contentUrl":"https:\/\/www.bruellan.ch\/wp-content\/uploads\/2023\/12\/bruellan-logo.png","width":800,"height":185,"caption":"Bruellan"},"image":{"@id":"https:\/\/www.bruellan.ch\/#\/schema\/logo\/image\/"},"sameAs":["https:\/\/www.linkedin.com\/company\/bruellan-s-a-\/","https:\/\/www.youtube.com\/@bruellangroup7443","https:\/\/www.instagram.com\/bruellan_sa\/?hl=fr"]}]}},"_links":{"self":[{"href":"https:\/\/www.bruellan.ch\/de\/wp-json\/wp\/v2\/pages\/196764","targetHints":{"allow":["GET"]}}],"collection":[{"href":"https:\/\/www.bruellan.ch\/de\/wp-json\/wp\/v2\/pages"}],"about":[{"href":"https:\/\/www.bruellan.ch\/de\/wp-json\/wp\/v2\/types\/page"}],"author":[{"embeddable":true,"href":"https:\/\/www.bruellan.ch\/de\/wp-json\/wp\/v2\/users\/1"}],"replies":[{"embeddable":true,"href":"https:\/\/www.bruellan.ch\/de\/wp-json\/wp\/v2\/comments?post=196764"}],"version-history":[{"count":1,"href":"https:\/\/www.bruellan.ch\/de\/wp-json\/wp\/v2\/pages\/196764\/revisions"}],"predecessor-version":[{"id":196765,"href":"https:\/\/www.bruellan.ch\/de\/wp-json\/wp\/v2\/pages\/196764\/revisions\/196765"}],"wp:attachment":[{"href":"https:\/\/www.bruellan.ch\/de\/wp-json\/wp\/v2\/media?parent=196764"}],"curies":[{"name":"wp","href":"https:\/\/api.w.org\/{rel}","templated":true}]}}