{"id":196758,"date":"2022-11-11T14:32:58","date_gmt":"2022-11-11T13:32:58","guid":{"rendered":"https:\/\/www.bruellan.ch\/haftungsausschlussklausel-in-bezug-auf-fonds\/"},"modified":"2024-02-09T11:29:27","modified_gmt":"2024-02-09T10:29:27","slug":"haftungsausschlussklausel-in-bezug-auf-fonds","status":"publish","type":"page","link":"https:\/\/www.bruellan.ch\/de\/haftungsausschlussklausel-in-bezug-auf-fonds\/","title":{"rendered":"Haftungsausschlussklausel in Bezug auf Fonds"},"content":{"rendered":"\n<div class=\"wp-block-cover alignfull page-header-banner\" style=\"min-height:50px;aspect-ratio:unset;\"><span aria-hidden=\"true\" class=\"wp-block-cover__background has-vert-background-color has-background-dim-100 has-background-dim\"><\/span><div class=\"wp-block-cover__inner-container is-layout-flow wp-block-cover-is-layout-flow\">\n<div class=\"wp-block-media-text has-media-on-the-right is-stacked-on-mobile\"><div class=\"wp-block-media-text__content\">\n<h1 class=\"wp-block-heading\">Willkommen bei Bruellan und seinen Anlagefonds<\/h1>\n<\/div><figure class=\"wp-block-media-text__media\"><img loading=\"lazy\" decoding=\"async\" width=\"1320\" height=\"1000\" src=\"https:\/\/www.bruellan.ch\/wp-content\/uploads\/2023\/01\/Pages_ill_3-1320x1000-1.png\" alt=\"\" class=\"wp-image-1698 size-full\" srcset=\"https:\/\/www.bruellan.ch\/wp-content\/uploads\/2023\/01\/Pages_ill_3-1320x1000-1.png 1320w, https:\/\/www.bruellan.ch\/wp-content\/uploads\/2023\/01\/Pages_ill_3-1320x1000-1-660x500.png 660w, https:\/\/www.bruellan.ch\/wp-content\/uploads\/2023\/01\/Pages_ill_3-1320x1000-1-768x582.png 768w\" sizes=\"auto, (max-width: 1320px) 100vw, 1320px\" \/><\/figure><\/div>\n<\/div><\/div>\n\n<div style=\"height:50px\" aria-hidden=\"true\" class=\"wp-block-spacer\"><\/div>\n\n<p>Der ausschliessliche Zweck der Inhalte auf der Website Bruellan Verm\u00f6gensverwaltung(Bruellan) dient nur zur Information des Lesers. Diese Website enth\u00e4lt Informationen \u00fcber verschiedene Finanzprodukte oder -dienstleistungen, die einer Genehmigung oder einer Notierung in verschiedenen L\u00e4ndern unterliegen. Der Zugriff auf diese Informationen unterliegt m\u00f6glicherweise verschiedenen Gesetzen und Regelungen, je nachdem, von welchem Land aus auf diese Website zugegriffen wird. Daher ist jeder Nutzer dieser Website selbst daf\u00fcr verantwortlich, die ihm auferlegten Gesetze und Regelungen einzuhalten. Wir m\u00f6chten insbesondere darauf hinweisen, dass die Produkte von Bruellan nicht zum Vertrieb oder zum Verkauf an US-amerikanische B\u00fcrger oder in den USA wohnans\u00e4ssige Personen zugelassen sind. <br\/>Die auf der Website von Bruellan bereitgestellten Informationen stellen in keiner Weise ein Angebot oder eine Kaufaufforderung zu einer Anlage in eines der vorgestellten Produkte dar und haben keinen vertraglichen Wert. Ebenso d\u00fcrfen diese Informationen nicht zur Kundenanwerbung oder als Angebots eines B\u00f6rsengangs herangezogen werden, und diese Informationen d\u00fcrfen in keiner Weise als vollst\u00e4ndig angesehen werden. Die angegebenen Wertentwicklungen beziehen sich auf Wertentwicklungen aus der Vergangenheit und stellen keine Garantie f\u00fcr zuk\u00fcnftige Wertentwicklungen dar. Bruellan gew\u00e4hrleistet nicht die Zuverl\u00e4ssigkeit bzw. Genauigkeit der auf seiner Website ver\u00f6ffentlichten Informationen und \u00fcbernimmt keine Haftung f\u00fcr unmittelbare oder mittelbare Sch\u00e4den, die sich aus der Nutzung dieser Informationen ergeben k\u00f6nnten. <br\/>Eine Weitergabe der auf dieser Website enthaltenen Informationen ist in keiner Form gestattet, davon ausgenommen sind allein das Herunterladen oder Ausdrucken von Informationen zur pers\u00f6nlichen Nutzung. Die Nutzung der Website nach Durchsicht des vorliegenden Kopfvermerks stellt die Annahme des Nutzers dar, rechtlich an die hierin formulierten Auflagen und Vorbehalte gebunden zu sein.<\/p>\n","protected":false},"excerpt":{"rendered":"<p>Der ausschliessliche Zweck der Inhalte auf der Website Bruellan Verm\u00f6gensverwaltung(Bruellan) dient nur zur Information des Lesers. Diese Website enth\u00e4lt Informationen \u00fcber verschiedene Finanzprodukte oder -dienstleistungen, die einer Genehmigung oder einer &#8230; <\/p>\n<div class=\"read-more-link-box\"><a class=\"read-more-link\" href=\"https:\/\/www.bruellan.ch\/de\/haftungsausschlussklausel-in-bezug-auf-fonds\/\">Weiterlesen<\/a><\/div>\n","protected":false},"author":1,"featured_media":0,"parent":0,"menu_order":0,"comment_status":"closed","ping_status":"closed","template":"","meta":{"_acf_changed":false,"footnotes":""},"class_list":["post-196758","page","type-page","status-publish","hentry"],"acf":[],"yoast_head":"<!-- This site is optimized with the Yoast SEO plugin v26.7 - https:\/\/yoast.com\/wordpress\/plugins\/seo\/ -->\n<title>Haftungsausschlussklausel in Bezug auf Fonds - Bruellan<\/title>\n<meta name=\"robots\" content=\"index, follow, max-snippet:-1, max-image-preview:large, max-video-preview:-1\" \/>\n<link rel=\"canonical\" href=\"https:\/\/www.bruellan.ch\/de\/haftungsausschlussklausel-in-bezug-auf-fonds\/\" \/>\n<meta property=\"og:locale\" content=\"de_DE\" \/>\n<meta property=\"og:type\" content=\"article\" \/>\n<meta property=\"og:title\" content=\"Haftungsausschlussklausel in Bezug auf Fonds - Bruellan\" \/>\n<meta property=\"og:description\" content=\"Der ausschliessliche Zweck der Inhalte auf der Website Bruellan Verm\u00f6gensverwaltung(Bruellan) dient nur zur Information des Lesers. Diese Website enth\u00e4lt Informationen \u00fcber verschiedene Finanzprodukte oder -dienstleistungen, die einer Genehmigung oder einer ... Weiterlesen\" \/>\n<meta property=\"og:url\" content=\"https:\/\/www.bruellan.ch\/de\/haftungsausschlussklausel-in-bezug-auf-fonds\/\" \/>\n<meta property=\"og:site_name\" content=\"Bruellan\" \/>\n<meta property=\"article:modified_time\" content=\"2024-02-09T10:29:27+00:00\" \/>\n<meta property=\"og:image\" content=\"https:\/\/www.bruellan.ch\/wp-content\/uploads\/2023\/01\/Pages_ill_3-1320x1000-1.png\" \/>\n<meta name=\"twitter:card\" content=\"summary_large_image\" \/>\n<meta name=\"twitter:label1\" content=\"Gesch\u00e4tzte Lesezeit\" \/>\n\t<meta name=\"twitter:data1\" content=\"1\u00a0Minute\" \/>\n<script type=\"application\/ld+json\" class=\"yoast-schema-graph\">{\"@context\":\"https:\/\/schema.org\",\"@graph\":[{\"@type\":\"WebPage\",\"@id\":\"https:\/\/www.bruellan.ch\/de\/haftungsausschlussklausel-in-bezug-auf-fonds\/\",\"url\":\"https:\/\/www.bruellan.ch\/de\/haftungsausschlussklausel-in-bezug-auf-fonds\/\",\"name\":\"Haftungsausschlussklausel in Bezug auf Fonds - Bruellan\",\"isPartOf\":{\"@id\":\"https:\/\/www.bruellan.ch\/#website\"},\"primaryImageOfPage\":{\"@id\":\"https:\/\/www.bruellan.ch\/de\/haftungsausschlussklausel-in-bezug-auf-fonds\/#primaryimage\"},\"image\":{\"@id\":\"https:\/\/www.bruellan.ch\/de\/haftungsausschlussklausel-in-bezug-auf-fonds\/#primaryimage\"},\"thumbnailUrl\":\"https:\/\/www.bruellan.ch\/wp-content\/uploads\/2023\/01\/Pages_ill_3-1320x1000-1.png\",\"datePublished\":\"2022-11-11T13:32:58+00:00\",\"dateModified\":\"2024-02-09T10:29:27+00:00\",\"breadcrumb\":{\"@id\":\"https:\/\/www.bruellan.ch\/de\/haftungsausschlussklausel-in-bezug-auf-fonds\/#breadcrumb\"},\"inLanguage\":\"de\",\"potentialAction\":[{\"@type\":\"ReadAction\",\"target\":[\"https:\/\/www.bruellan.ch\/de\/haftungsausschlussklausel-in-bezug-auf-fonds\/\"]}]},{\"@type\":\"ImageObject\",\"inLanguage\":\"de\",\"@id\":\"https:\/\/www.bruellan.ch\/de\/haftungsausschlussklausel-in-bezug-auf-fonds\/#primaryimage\",\"url\":\"https:\/\/www.bruellan.ch\/wp-content\/uploads\/2023\/01\/Pages_ill_3-1320x1000-1.png\",\"contentUrl\":\"https:\/\/www.bruellan.ch\/wp-content\/uploads\/2023\/01\/Pages_ill_3-1320x1000-1.png\"},{\"@type\":\"BreadcrumbList\",\"@id\":\"https:\/\/www.bruellan.ch\/de\/haftungsausschlussklausel-in-bezug-auf-fonds\/#breadcrumb\",\"itemListElement\":[{\"@type\":\"ListItem\",\"position\":1,\"name\":\"Home\",\"item\":\"https:\/\/www.bruellan.ch\/de\/\"},{\"@type\":\"ListItem\",\"position\":2,\"name\":\"Haftungsausschlussklausel in Bezug auf Fonds\"}]},{\"@type\":\"WebSite\",\"@id\":\"https:\/\/www.bruellan.ch\/#website\",\"url\":\"https:\/\/www.bruellan.ch\/\",\"name\":\"Bruellan\",\"description\":\"Votre partenaire suisse dans la gestion et la transmission de votre patrimoine familial\",\"publisher\":{\"@id\":\"https:\/\/www.bruellan.ch\/#organization\"},\"potentialAction\":[{\"@type\":\"SearchAction\",\"target\":{\"@type\":\"EntryPoint\",\"urlTemplate\":\"https:\/\/www.bruellan.ch\/?s={search_term_string}\"},\"query-input\":{\"@type\":\"PropertyValueSpecification\",\"valueRequired\":true,\"valueName\":\"search_term_string\"}}],\"inLanguage\":\"de\"},{\"@type\":\"Organization\",\"@id\":\"https:\/\/www.bruellan.ch\/#organization\",\"name\":\"Bruellan\",\"url\":\"https:\/\/www.bruellan.ch\/\",\"logo\":{\"@type\":\"ImageObject\",\"inLanguage\":\"de\",\"@id\":\"https:\/\/www.bruellan.ch\/#\/schema\/logo\/image\/\",\"url\":\"https:\/\/www.bruellan.ch\/wp-content\/uploads\/2023\/12\/bruellan-logo.png\",\"contentUrl\":\"https:\/\/www.bruellan.ch\/wp-content\/uploads\/2023\/12\/bruellan-logo.png\",\"width\":800,\"height\":185,\"caption\":\"Bruellan\"},\"image\":{\"@id\":\"https:\/\/www.bruellan.ch\/#\/schema\/logo\/image\/\"},\"sameAs\":[\"https:\/\/www.linkedin.com\/company\/bruellan-s-a-\/\",\"https:\/\/www.youtube.com\/@bruellangroup7443\",\"https:\/\/www.instagram.com\/bruellan_sa\/?hl=fr\"]}]}<\/script>\n<!-- \/ Yoast SEO plugin. -->","yoast_head_json":{"title":"Haftungsausschlussklausel in Bezug auf Fonds - Bruellan","robots":{"index":"index","follow":"follow","max-snippet":"max-snippet:-1","max-image-preview":"max-image-preview:large","max-video-preview":"max-video-preview:-1"},"canonical":"https:\/\/www.bruellan.ch\/de\/haftungsausschlussklausel-in-bezug-auf-fonds\/","og_locale":"de_DE","og_type":"article","og_title":"Haftungsausschlussklausel in Bezug auf Fonds - Bruellan","og_description":"Der ausschliessliche Zweck der Inhalte auf der Website Bruellan Verm\u00f6gensverwaltung(Bruellan) dient nur zur Information des Lesers. Diese Website enth\u00e4lt Informationen \u00fcber verschiedene Finanzprodukte oder -dienstleistungen, die einer Genehmigung oder einer ... Weiterlesen","og_url":"https:\/\/www.bruellan.ch\/de\/haftungsausschlussklausel-in-bezug-auf-fonds\/","og_site_name":"Bruellan","article_modified_time":"2024-02-09T10:29:27+00:00","og_image":[{"url":"https:\/\/www.bruellan.ch\/wp-content\/uploads\/2023\/01\/Pages_ill_3-1320x1000-1.png","type":"","width":"","height":""}],"twitter_card":"summary_large_image","twitter_misc":{"Gesch\u00e4tzte Lesezeit":"1\u00a0Minute"},"schema":{"@context":"https:\/\/schema.org","@graph":[{"@type":"WebPage","@id":"https:\/\/www.bruellan.ch\/de\/haftungsausschlussklausel-in-bezug-auf-fonds\/","url":"https:\/\/www.bruellan.ch\/de\/haftungsausschlussklausel-in-bezug-auf-fonds\/","name":"Haftungsausschlussklausel in Bezug auf Fonds - Bruellan","isPartOf":{"@id":"https:\/\/www.bruellan.ch\/#website"},"primaryImageOfPage":{"@id":"https:\/\/www.bruellan.ch\/de\/haftungsausschlussklausel-in-bezug-auf-fonds\/#primaryimage"},"image":{"@id":"https:\/\/www.bruellan.ch\/de\/haftungsausschlussklausel-in-bezug-auf-fonds\/#primaryimage"},"thumbnailUrl":"https:\/\/www.bruellan.ch\/wp-content\/uploads\/2023\/01\/Pages_ill_3-1320x1000-1.png","datePublished":"2022-11-11T13:32:58+00:00","dateModified":"2024-02-09T10:29:27+00:00","breadcrumb":{"@id":"https:\/\/www.bruellan.ch\/de\/haftungsausschlussklausel-in-bezug-auf-fonds\/#breadcrumb"},"inLanguage":"de","potentialAction":[{"@type":"ReadAction","target":["https:\/\/www.bruellan.ch\/de\/haftungsausschlussklausel-in-bezug-auf-fonds\/"]}]},{"@type":"ImageObject","inLanguage":"de","@id":"https:\/\/www.bruellan.ch\/de\/haftungsausschlussklausel-in-bezug-auf-fonds\/#primaryimage","url":"https:\/\/www.bruellan.ch\/wp-content\/uploads\/2023\/01\/Pages_ill_3-1320x1000-1.png","contentUrl":"https:\/\/www.bruellan.ch\/wp-content\/uploads\/2023\/01\/Pages_ill_3-1320x1000-1.png"},{"@type":"BreadcrumbList","@id":"https:\/\/www.bruellan.ch\/de\/haftungsausschlussklausel-in-bezug-auf-fonds\/#breadcrumb","itemListElement":[{"@type":"ListItem","position":1,"name":"Home","item":"https:\/\/www.bruellan.ch\/de\/"},{"@type":"ListItem","position":2,"name":"Haftungsausschlussklausel in Bezug auf Fonds"}]},{"@type":"WebSite","@id":"https:\/\/www.bruellan.ch\/#website","url":"https:\/\/www.bruellan.ch\/","name":"Bruellan","description":"Votre partenaire suisse dans la gestion et la transmission de votre patrimoine familial","publisher":{"@id":"https:\/\/www.bruellan.ch\/#organization"},"potentialAction":[{"@type":"SearchAction","target":{"@type":"EntryPoint","urlTemplate":"https:\/\/www.bruellan.ch\/?s={search_term_string}"},"query-input":{"@type":"PropertyValueSpecification","valueRequired":true,"valueName":"search_term_string"}}],"inLanguage":"de"},{"@type":"Organization","@id":"https:\/\/www.bruellan.ch\/#organization","name":"Bruellan","url":"https:\/\/www.bruellan.ch\/","logo":{"@type":"ImageObject","inLanguage":"de","@id":"https:\/\/www.bruellan.ch\/#\/schema\/logo\/image\/","url":"https:\/\/www.bruellan.ch\/wp-content\/uploads\/2023\/12\/bruellan-logo.png","contentUrl":"https:\/\/www.bruellan.ch\/wp-content\/uploads\/2023\/12\/bruellan-logo.png","width":800,"height":185,"caption":"Bruellan"},"image":{"@id":"https:\/\/www.bruellan.ch\/#\/schema\/logo\/image\/"},"sameAs":["https:\/\/www.linkedin.com\/company\/bruellan-s-a-\/","https:\/\/www.youtube.com\/@bruellangroup7443","https:\/\/www.instagram.com\/bruellan_sa\/?hl=fr"]}]}},"_links":{"self":[{"href":"https:\/\/www.bruellan.ch\/de\/wp-json\/wp\/v2\/pages\/196758","targetHints":{"allow":["GET"]}}],"collection":[{"href":"https:\/\/www.bruellan.ch\/de\/wp-json\/wp\/v2\/pages"}],"about":[{"href":"https:\/\/www.bruellan.ch\/de\/wp-json\/wp\/v2\/types\/page"}],"author":[{"embeddable":true,"href":"https:\/\/www.bruellan.ch\/de\/wp-json\/wp\/v2\/users\/1"}],"replies":[{"embeddable":true,"href":"https:\/\/www.bruellan.ch\/de\/wp-json\/wp\/v2\/comments?post=196758"}],"version-history":[{"count":1,"href":"https:\/\/www.bruellan.ch\/de\/wp-json\/wp\/v2\/pages\/196758\/revisions"}],"predecessor-version":[{"id":196759,"href":"https:\/\/www.bruellan.ch\/de\/wp-json\/wp\/v2\/pages\/196758\/revisions\/196759"}],"wp:attachment":[{"href":"https:\/\/www.bruellan.ch\/de\/wp-json\/wp\/v2\/media?parent=196758"}],"curies":[{"name":"wp","href":"https:\/\/api.w.org\/{rel}","templated":true}]}}