{"id":196754,"date":"2020-08-18T10:47:12","date_gmt":"2020-08-18T08:47:12","guid":{"rendered":"https:\/\/www.bruellan.ch\/kontakt\/"},"modified":"2024-02-16T15:45:30","modified_gmt":"2024-02-16T14:45:30","slug":"kontakt","status":"publish","type":"page","link":"https:\/\/www.bruellan.ch\/de\/kontakt\/","title":{"rendered":"Kontakt"},"content":{"rendered":"\n<div style=\"height:80px\" aria-hidden=\"true\" class=\"wp-block-spacer\"><\/div>\n\n\n\n<p>Um Informationen anzufordern,<br>f\u00fcllen Sie bitte das nachstehende Formular aus.<\/p>\n\n\n\n<div class=\"wp-block-columns is-layout-flex wp-container-core-columns-is-layout-9d6595d7 wp-block-columns-is-layout-flex\">\n<div class=\"wp-block-column is-layout-flow wp-block-column-is-layout-flow\">\n<div class=\"wpcf7 no-js\" id=\"wpcf7-f196756-o1\" lang=\"de-DE\" dir=\"ltr\" data-wpcf7-id=\"196756\">\n<div class=\"screen-reader-response\"><p role=\"status\" aria-live=\"polite\" aria-atomic=\"true\"><\/p> <ul><\/ul><\/div>\n<form action=\"\/de\/wp-json\/wp\/v2\/pages\/196754#wpcf7-f196756-o1\" method=\"post\" class=\"wpcf7-form init\" aria-label=\"Kontaktformular\" novalidate=\"novalidate\" data-status=\"init\">\n<fieldset class=\"hidden-fields-container\"><input type=\"hidden\" name=\"_wpcf7\" value=\"196756\" \/><input type=\"hidden\" name=\"_wpcf7_version\" value=\"6.1.4\" \/><input type=\"hidden\" name=\"_wpcf7_locale\" value=\"de_DE\" \/><input type=\"hidden\" name=\"_wpcf7_unit_tag\" value=\"wpcf7-f196756-o1\" \/><input type=\"hidden\" name=\"_wpcf7_container_post\" value=\"0\" \/><input type=\"hidden\" name=\"_wpcf7_posted_data_hash\" value=\"\" \/>\n<\/fieldset>\n<p><label> Ihr Name (erforderlich)<br \/>\n<span class=\"wpcf7-form-control-wrap\" data-name=\"your-name\"><input size=\"40\" maxlength=\"400\" class=\"wpcf7-form-control wpcf7-text wpcf7-validates-as-required\" aria-required=\"true\" aria-invalid=\"false\" value=\"\" type=\"text\" name=\"your-name\" \/><\/span> <\/label>\n<\/p>\n<p><label> Ihre E-Mail-Adresse (erforderlich)<br \/>\n<span class=\"wpcf7-form-control-wrap\" data-name=\"your-email\"><input size=\"40\" maxlength=\"400\" class=\"wpcf7-form-control wpcf7-email wpcf7-validates-as-required wpcf7-text wpcf7-validates-as-email\" aria-required=\"true\" aria-invalid=\"false\" value=\"\" type=\"email\" name=\"your-email\" \/><\/span> <\/label>\n<\/p>\n<p><label> Betreff<br \/>\n<span class=\"wpcf7-form-control-wrap\" data-name=\"your-subject\"><input size=\"40\" maxlength=\"400\" class=\"wpcf7-form-control wpcf7-text\" aria-invalid=\"false\" value=\"\" type=\"text\" name=\"your-subject\" \/><\/span> <\/label>\n<\/p>\n<p><label> Nachricht<br \/>\n<span class=\"wpcf7-form-control-wrap\" data-name=\"your-message\"><textarea cols=\"40\" rows=\"10\" maxlength=\"2000\" class=\"wpcf7-form-control wpcf7-textarea\" aria-invalid=\"false\" name=\"your-message\"><\/textarea><\/span> <\/label>\n<\/p>\n<p><input class=\"wpcf7-form-control wpcf7-submit has-spinner\" type=\"submit\" value=\"Senden\" \/>\n<\/p><div class=\"wpcf7-response-output\" aria-hidden=\"true\"><\/div>\n<\/form>\n<\/div>\n\n<\/div>\n\n\n\n<div class=\"wp-block-column is-layout-flow wp-block-column-is-layout-flow\">\n<div class=\"wp-block-columns is-layout-flex wp-container-core-columns-is-layout-9d6595d7 wp-block-columns-is-layout-flex\">\n<div class=\"wp-block-column is-layout-flow wp-block-column-is-layout-flow\">\n<h4 class=\"wp-block-heading\">Genf<\/h4>\n\n\n\n<p>1, rue P\u00e9colat<br>CH-1201 Genf<br>Tel: +41 22 817 18 55<\/p>\n<\/div>\n\n\n\n<div class=\"wp-block-column is-layout-flow wp-block-column-is-layout-flow\">\n<h4 class=\"wp-block-heading\">Verbier<\/h4>\n\n\n\n<p>16, Rue de M\u00e9dran<br>CH-1936 Verbier<br>T\u00e9l : +41 27 775 56 56<\/p>\n<\/div>\n<\/div>\n\n\n\n<div class=\"wp-block-columns is-layout-flex wp-container-core-columns-is-layout-9d6595d7 wp-block-columns-is-layout-flex\">\n<div class=\"wp-block-column is-layout-flow wp-block-column-is-layout-flow\">\n<h4 class=\"wp-block-heading\">Crans-Montana<\/h4>\n\n\n\n<p>6, Rue Pas-de-l&#8217;Ours<br>CH-3963 Crans VS<br>T\u00e9l : +41 27 486 24 24<\/p>\n<\/div>\n\n\n\n<div class=\"wp-block-column is-layout-flow wp-block-column-is-layout-flow\">\n<h4 class=\"wp-block-heading\">Gstaad<\/h4>\n\n\n\n<p>8, Gstaadstrasse<br>CH-3792 Saanen<br>T\u00e9l : +41 79 820 10 11<\/p>\n<\/div>\n<\/div>\n\n\n\n<div class=\"wp-block-columns is-layout-flex wp-container-core-columns-is-layout-9d6595d7 wp-block-columns-is-layout-flex\">\n<div class=\"wp-block-column is-layout-flow wp-block-column-is-layout-flow\">\n<h4 class=\"wp-block-heading\">Martigny<\/h4>\n\n\n\n<p>7, Place du Bourg<br>CH-1920 Martigny<br>T\u00e9l : +41 27 720 47 00<\/p>\n<\/div>\n\n\n\n<div class=\"wp-block-column is-layout-flow wp-block-column-is-layout-flow\"><\/div>\n<\/div>\n<\/div>\n<\/div>\n\n\n<div id=\"devsector-custom-mapbox-multiaddresses-blocks-block_e9f13cef6aee7de839094f771c6375f0\" class=\"devsector-custom-mapbox-multiaddresses-blocks alignfull\">\n\n<div id=\"devsector-custom-mapbox-multiaddresses-map\" style=\"width: 100%; height:600px;\"><\/div>\n<link href='https:\/\/api.mapbox.com\/mapbox-gl-js\/v2.6.0\/mapbox-gl.css' rel='stylesheet' \/>\n<script src='https:\/\/api.mapbox.com\/mapbox-gl-js\/v2.6.0\/mapbox-gl.js'><\/script>\n\n\n<script>\n    mapboxgl.accessToken = \"pk.eyJ1IjoidnphdWdnIiwiYSI6ImNra3h3ZGlmNTJudHEybnMxbjRuZ3Uwa28ifQ.cniR2KJ2ZBy6rLB5B4loPQ\";\n        var map = new mapboxgl.Map({\n            container: \"devsector-custom-mapbox-multiaddresses-map\", \n            style: \"mapbox:\/\/styles\/vzaugg\/clae0b4gn001r14o19f7do3qb\", \n            center: [6.1438, 46.2052], \/\/ starting position [centerLng, centerLat],\n            zoom: \"12\" \/\/ starting zoom\n        });\n\n    \/\/ Add zoom and rotation controls to the map.\n    map.addControl(new mapboxgl.NavigationControl(),\"bottom-right\");\n\n     \/\/ disable map zoom when using scroll\n     map.scrollZoom.disable();\n\n   \n\n\n                            var geojson ={\n                    type: \"MapboxMultiaddresses\",\n                    features: [\n                                                            {\n                                    type: \"MyMarkers\",\n                                    geometry: {\n                                        type: \"Point\",\n                                        coordinates: [7.26493, 46.48827]\n                                    },\n                                    properties: {\n                                        title: \"<h3>Gstaad<\/h3>\",\n                                        description: \"<div class=\\\"infobox-columns\\\"><a href=\\\"https:\/\/www.gstaad.ch\/fr.html\\\"><div class=\\\"infobox-column-1\\\"><\/div><div class=\\\"infobox-column-1\\\"><h3>Gstaad<\/h3> 8, Gstaadstrasse<br \/>CH-3792 \u2013 Saanen<\/div><\/div><\/a><\/div>\",\n                                        infoboxImgUrl: \"Gstaad\",\n                                        infoboxHtml: \" <div class=\\\"infobox-columns\\\"><a href=\\\"https:\/\/www.gstaad.ch\/fr.html\\\"><div class=\\\"infobox-column-1\\\"><\/div><div class=\\\"infobox-column-1\\\"><h3>Gstaad<\/h3> 8, Gstaadstrasse<br \/>CH-3792 \u2013 Saanen<\/div><\/div><\/a><\/div>\",\n                                    }\n                                },\n                                \n                                                            {\n                                    type: \"MyMarkers\",\n                                    geometry: {\n                                        type: \"Point\",\n                                        coordinates: [6.14569, 46.20850]\n                                    },\n                                    properties: {\n                                        title: \"<h3>Gen\u00e8ve<\/h3>\",\n                                        description: \"<div class=\\\"infobox-columns\\\"><div class=\\\"infobox-column-1\\\"><\/div><div class=\\\"infobox-column-1\\\"><h3>Gen\u00e8ve<\/h3>1, rue P\u00e9colat<br \/>CH-1201 Gen\u00e8ve<br \/>Tel: +41 22 817 18 55<\/div><\/div><\/div>\",\n                                        infoboxImgUrl: \"Gen\u00e8ve\",\n                                        infoboxHtml: \" <div class=\\\"infobox-columns\\\"><div class=\\\"infobox-column-1\\\"><\/div><div class=\\\"infobox-column-1\\\"><h3>Gen\u00e8ve<\/h3>1, rue P\u00e9colat<br \/>CH-1201 Gen\u00e8ve<br \/>Tel: +41 22 817 18 55<\/div><\/div><\/div>\",\n                                    }\n                                },\n                                \n                                                            {\n                                    type: \"MyMarkers\",\n                                    geometry: {\n                                        type: \"Point\",\n                                        coordinates: [7.2308, 46.0950]\n                                    },\n                                    properties: {\n                                        title: \"<h3>Verbier<\/h3>\",\n                                        description: \"<div class=\\\"infobox-columns\\\"><div class=\\\"infobox-column-1\\\"><\/div><div class=\\\"infobox-column-1\\\"><h3>Verbier<\/h3>16, Rue de M\u00e9dran<br \/>CH - 1936 \u2013 Verbier<br \/>Tel: +41 27 775 56 56<\/div><\/div><\/div>\",\n                                        infoboxImgUrl: \"Verbier\",\n                                        infoboxHtml: \" <div class=\\\"infobox-columns\\\"><div class=\\\"infobox-column-1\\\"><\/div><div class=\\\"infobox-column-1\\\"><h3>Verbier<\/h3>16, Rue de M\u00e9dran<br \/>CH - 1936 \u2013 Verbier<br \/>Tel: +41 27 775 56 56<\/div><\/div><\/div>\",\n                                    }\n                                },\n                                \n                                                            {\n                                    type: \"MyMarkers\",\n                                    geometry: {\n                                        type: \"Point\",\n                                        coordinates: [7.46711, 46.30756]\n                                    },\n                                    properties: {\n                                        title: \"<h3>Crans-Montana<\/h3>\",\n                                        description: \"<div class=\\\"infobox-columns\\\"><div class=\\\"infobox-column-1\\\"><\/div><div class=\\\"infobox-column-1\\\"><h3>Crans-Montana<\/h3>6, Rue du Pas-de-l'Ours<br \/>CH-3963 \u2013 Crans-Montana<br \/>Tel: +41 27 486 24 24<\/div><\/div><\/div>\",\n                                        infoboxImgUrl: \"Crans-Montana\",\n                                        infoboxHtml: \" <div class=\\\"infobox-columns\\\"><div class=\\\"infobox-column-1\\\"><\/div><div class=\\\"infobox-column-1\\\"><h3>Crans-Montana<\/h3>6, Rue du Pas-de-l'Ours<br \/>CH-3963 \u2013 Crans-Montana<br \/>Tel: +41 27 486 24 24<\/div><\/div><\/div>\",\n                                    }\n                                },\n                                \n                                                            {\n                                    type: \"MyMarkers\",\n                                    geometry: {\n                                        type: \"Point\",\n                                        coordinates: [7.06552, 46.09140]\n                                    },\n                                    properties: {\n                                        title: \"<h3>Martigny<\/h3>\",\n                                        description: \"<div class=\\\"infobox-columns\\\"><div class=\\\"infobox-column-1\\\"><\/div><div class=\\\"infobox-column-1\\\"><h3>Martigny<\/h3>7, Place du Bourg<br \/>CH-1920 Martigny<br \/>T\u00e9l : +41 27 720 47 00<\/div><\/div><\/div>\",\n                                        infoboxImgUrl: \"Martigny\",\n                                        infoboxHtml: \" <div class=\\\"infobox-columns\\\"><div class=\\\"infobox-column-1\\\"><\/div><div class=\\\"infobox-column-1\\\"><h3>Martigny<\/h3>7, Place du Bourg<br \/>CH-1920 Martigny<br \/>T\u00e9l : +41 27 720 47 00<\/div><\/div><\/div>\",\n                                    }\n                                },\n                                \n                                                    ]\n                    }; \n          \n\n        \/\/ add markers to map\n        geojson.features.forEach(function(marker) {\n\n        \/\/ create a HTML element for each feature\n        var el = document.createElement(\"div\");\n        el.className = \"marker\" + \" \" + marker.properties.category;\n\n        \/\/ make a marker for each feature and add to the map\n        new mapboxgl.Marker(el)\n                        .setLngLat(marker.geometry.coordinates)\n                        .setPopup(new mapboxgl.Popup({ offset: 15}) \/\/ add popups\n                        \/\/.setHTML(\"<div class=\\\"mapboxgl-popup-content-categories \" + marker.properties.category + \"\\\"><a href=\\\"\" + marker.properties.infoboxLink + \"\\\"><div class=\\\"infobox-columns\\\"><div class=\\\"infobox-column-1\\\"><img src=\\\"\" + marker.properties.infoboxImgUrl + \"\\\"><\/div><div class=\\\"infobox-column-2\\\"><h3>\" + marker.properties.title + \"<\/h3><p>\" + marker.properties.description + \"<\/p><\/div><\/div><\/a>\")\n                        .setHTML( marker.properties.infoboxHtml )\n\n                        \/\/.setHTML(\"<div class=\\\"infobox-columns\\\"><div class=\\\"infobox-column-1\\\"><\/div><div class=\\\"infobox-column-1\\\"><h3>Martigny<\/h3><div class=\\\"infobox-columns\\\"><div class=\\\"infobox-column-1\\\"><\/div><div class=\\\"infobox-column-1\\\"><h3>Martigny<\/h3>7, Place du Bourg<br \/>CH-1920 Martigny<br \/>T\u00e9l : +41 27 720 47 00<\/div><\/div><\/div><\/div><\/div><\/div>\")\n\n                        )\n                        .addTo(map);\n        });\n                    \n        var coordinates = [ [7.26493,46.48827],[6.14569,46.20850],[7.2308,46.0950],[7.46711,46.30756],[7.06552,46.09140],];\n\n        var bounds = coordinates.reduce(function(bounds, coord) {\n                return bounds.extend(coord);\n         }, new mapboxgl.LngLatBounds(coordinates[0], coordinates[0]));\n\n        map.fitBounds(bounds, {\n                    padding: 100\n        });\n\n\n<\/script>\n\n\n\n<\/div>","protected":false},"excerpt":{"rendered":"<p>Um Informationen anzufordern,f\u00fcllen Sie bitte das nachstehende Formular aus. Genf 1, rue P\u00e9colatCH-1201 GenfTel: +41 22 817 18 55 Verbier 16, Rue de M\u00e9dranCH-1936 VerbierT\u00e9l : +41 27 775 56 &#8230; <\/p>\n<div class=\"read-more-link-box\"><a class=\"read-more-link\" href=\"https:\/\/www.bruellan.ch\/de\/kontakt\/\">Weiterlesen<\/a><\/div>\n","protected":false},"author":1,"featured_media":0,"parent":0,"menu_order":0,"comment_status":"closed","ping_status":"closed","template":"","meta":{"_acf_changed":false,"footnotes":""},"class_list":["post-196754","page","type-page","status-publish","hentry"],"acf":[],"yoast_head":"<!-- This site is optimized with the Yoast SEO plugin v26.7 - https:\/\/yoast.com\/wordpress\/plugins\/seo\/ -->\n<title>Kontakt - Bruellan<\/title>\n<meta name=\"robots\" content=\"index, follow, max-snippet:-1, max-image-preview:large, max-video-preview:-1\" \/>\n<link rel=\"canonical\" href=\"https:\/\/www.bruellan.ch\/de\/kontakt\/\" \/>\n<meta property=\"og:locale\" content=\"de_DE\" \/>\n<meta property=\"og:type\" content=\"article\" \/>\n<meta property=\"og:title\" content=\"Kontakt - Bruellan\" \/>\n<meta property=\"og:description\" content=\"Um Informationen anzufordern,f\u00fcllen Sie bitte das nachstehende Formular aus. Genf 1, rue P\u00e9colatCH-1201 GenfTel: +41 22 817 18 55 Verbier 16, Rue de M\u00e9dranCH-1936 VerbierT\u00e9l : +41 27 775 56 ... Weiterlesen\" \/>\n<meta property=\"og:url\" content=\"https:\/\/www.bruellan.ch\/de\/kontakt\/\" \/>\n<meta property=\"og:site_name\" content=\"Bruellan\" \/>\n<meta property=\"article:modified_time\" content=\"2024-02-16T14:45:30+00:00\" \/>\n<meta name=\"twitter:card\" content=\"summary_large_image\" \/>\n<meta name=\"twitter:label1\" content=\"Gesch\u00e4tzte Lesezeit\" \/>\n\t<meta name=\"twitter:data1\" content=\"1\u00a0Minute\" \/>\n<script type=\"application\/ld+json\" class=\"yoast-schema-graph\">{\"@context\":\"https:\/\/schema.org\",\"@graph\":[{\"@type\":\"WebPage\",\"@id\":\"https:\/\/www.bruellan.ch\/de\/kontakt\/\",\"url\":\"https:\/\/www.bruellan.ch\/de\/kontakt\/\",\"name\":\"Kontakt - Bruellan\",\"isPartOf\":{\"@id\":\"https:\/\/www.bruellan.ch\/#website\"},\"datePublished\":\"2020-08-18T08:47:12+00:00\",\"dateModified\":\"2024-02-16T14:45:30+00:00\",\"breadcrumb\":{\"@id\":\"https:\/\/www.bruellan.ch\/de\/kontakt\/#breadcrumb\"},\"inLanguage\":\"de\",\"potentialAction\":[{\"@type\":\"ReadAction\",\"target\":[\"https:\/\/www.bruellan.ch\/de\/kontakt\/\"]}]},{\"@type\":\"BreadcrumbList\",\"@id\":\"https:\/\/www.bruellan.ch\/de\/kontakt\/#breadcrumb\",\"itemListElement\":[{\"@type\":\"ListItem\",\"position\":1,\"name\":\"Home\",\"item\":\"https:\/\/www.bruellan.ch\/de\/\"},{\"@type\":\"ListItem\",\"position\":2,\"name\":\"Kontakt\"}]},{\"@type\":\"WebSite\",\"@id\":\"https:\/\/www.bruellan.ch\/#website\",\"url\":\"https:\/\/www.bruellan.ch\/\",\"name\":\"Bruellan\",\"description\":\"Votre partenaire suisse dans la gestion et la transmission de votre patrimoine familial\",\"publisher\":{\"@id\":\"https:\/\/www.bruellan.ch\/#organization\"},\"potentialAction\":[{\"@type\":\"SearchAction\",\"target\":{\"@type\":\"EntryPoint\",\"urlTemplate\":\"https:\/\/www.bruellan.ch\/?s={search_term_string}\"},\"query-input\":{\"@type\":\"PropertyValueSpecification\",\"valueRequired\":true,\"valueName\":\"search_term_string\"}}],\"inLanguage\":\"de\"},{\"@type\":\"Organization\",\"@id\":\"https:\/\/www.bruellan.ch\/#organization\",\"name\":\"Bruellan\",\"url\":\"https:\/\/www.bruellan.ch\/\",\"logo\":{\"@type\":\"ImageObject\",\"inLanguage\":\"de\",\"@id\":\"https:\/\/www.bruellan.ch\/#\/schema\/logo\/image\/\",\"url\":\"https:\/\/www.bruellan.ch\/wp-content\/uploads\/2023\/12\/bruellan-logo.png\",\"contentUrl\":\"https:\/\/www.bruellan.ch\/wp-content\/uploads\/2023\/12\/bruellan-logo.png\",\"width\":800,\"height\":185,\"caption\":\"Bruellan\"},\"image\":{\"@id\":\"https:\/\/www.bruellan.ch\/#\/schema\/logo\/image\/\"},\"sameAs\":[\"https:\/\/www.linkedin.com\/company\/bruellan-s-a-\/\",\"https:\/\/www.youtube.com\/@bruellangroup7443\",\"https:\/\/www.instagram.com\/bruellan_sa\/?hl=fr\"]}]}<\/script>\n<!-- \/ Yoast SEO plugin. -->","yoast_head_json":{"title":"Kontakt - Bruellan","robots":{"index":"index","follow":"follow","max-snippet":"max-snippet:-1","max-image-preview":"max-image-preview:large","max-video-preview":"max-video-preview:-1"},"canonical":"https:\/\/www.bruellan.ch\/de\/kontakt\/","og_locale":"de_DE","og_type":"article","og_title":"Kontakt - Bruellan","og_description":"Um Informationen anzufordern,f\u00fcllen Sie bitte das nachstehende Formular aus. Genf 1, rue P\u00e9colatCH-1201 GenfTel: +41 22 817 18 55 Verbier 16, Rue de M\u00e9dranCH-1936 VerbierT\u00e9l : +41 27 775 56 ... Weiterlesen","og_url":"https:\/\/www.bruellan.ch\/de\/kontakt\/","og_site_name":"Bruellan","article_modified_time":"2024-02-16T14:45:30+00:00","twitter_card":"summary_large_image","twitter_misc":{"Gesch\u00e4tzte Lesezeit":"1\u00a0Minute"},"schema":{"@context":"https:\/\/schema.org","@graph":[{"@type":"WebPage","@id":"https:\/\/www.bruellan.ch\/de\/kontakt\/","url":"https:\/\/www.bruellan.ch\/de\/kontakt\/","name":"Kontakt - Bruellan","isPartOf":{"@id":"https:\/\/www.bruellan.ch\/#website"},"datePublished":"2020-08-18T08:47:12+00:00","dateModified":"2024-02-16T14:45:30+00:00","breadcrumb":{"@id":"https:\/\/www.bruellan.ch\/de\/kontakt\/#breadcrumb"},"inLanguage":"de","potentialAction":[{"@type":"ReadAction","target":["https:\/\/www.bruellan.ch\/de\/kontakt\/"]}]},{"@type":"BreadcrumbList","@id":"https:\/\/www.bruellan.ch\/de\/kontakt\/#breadcrumb","itemListElement":[{"@type":"ListItem","position":1,"name":"Home","item":"https:\/\/www.bruellan.ch\/de\/"},{"@type":"ListItem","position":2,"name":"Kontakt"}]},{"@type":"WebSite","@id":"https:\/\/www.bruellan.ch\/#website","url":"https:\/\/www.bruellan.ch\/","name":"Bruellan","description":"Votre partenaire suisse dans la gestion et la transmission de votre patrimoine familial","publisher":{"@id":"https:\/\/www.bruellan.ch\/#organization"},"potentialAction":[{"@type":"SearchAction","target":{"@type":"EntryPoint","urlTemplate":"https:\/\/www.bruellan.ch\/?s={search_term_string}"},"query-input":{"@type":"PropertyValueSpecification","valueRequired":true,"valueName":"search_term_string"}}],"inLanguage":"de"},{"@type":"Organization","@id":"https:\/\/www.bruellan.ch\/#organization","name":"Bruellan","url":"https:\/\/www.bruellan.ch\/","logo":{"@type":"ImageObject","inLanguage":"de","@id":"https:\/\/www.bruellan.ch\/#\/schema\/logo\/image\/","url":"https:\/\/www.bruellan.ch\/wp-content\/uploads\/2023\/12\/bruellan-logo.png","contentUrl":"https:\/\/www.bruellan.ch\/wp-content\/uploads\/2023\/12\/bruellan-logo.png","width":800,"height":185,"caption":"Bruellan"},"image":{"@id":"https:\/\/www.bruellan.ch\/#\/schema\/logo\/image\/"},"sameAs":["https:\/\/www.linkedin.com\/company\/bruellan-s-a-\/","https:\/\/www.youtube.com\/@bruellangroup7443","https:\/\/www.instagram.com\/bruellan_sa\/?hl=fr"]}]}},"_links":{"self":[{"href":"https:\/\/www.bruellan.ch\/de\/wp-json\/wp\/v2\/pages\/196754","targetHints":{"allow":["GET"]}}],"collection":[{"href":"https:\/\/www.bruellan.ch\/de\/wp-json\/wp\/v2\/pages"}],"about":[{"href":"https:\/\/www.bruellan.ch\/de\/wp-json\/wp\/v2\/types\/page"}],"author":[{"embeddable":true,"href":"https:\/\/www.bruellan.ch\/de\/wp-json\/wp\/v2\/users\/1"}],"replies":[{"embeddable":true,"href":"https:\/\/www.bruellan.ch\/de\/wp-json\/wp\/v2\/comments?post=196754"}],"version-history":[{"count":2,"href":"https:\/\/www.bruellan.ch\/de\/wp-json\/wp\/v2\/pages\/196754\/revisions"}],"predecessor-version":[{"id":196853,"href":"https:\/\/www.bruellan.ch\/de\/wp-json\/wp\/v2\/pages\/196754\/revisions\/196853"}],"wp:attachment":[{"href":"https:\/\/www.bruellan.ch\/de\/wp-json\/wp\/v2\/media?parent=196754"}],"curies":[{"name":"wp","href":"https:\/\/api.w.org\/{rel}","templated":true}]}}