{"id":196744,"date":"2023-01-18T15:59:06","date_gmt":"2023-01-18T14:59:06","guid":{"rendered":"https:\/\/www.bruellan.ch\/nachhaltigkeit\/"},"modified":"2024-02-09T14:48:31","modified_gmt":"2024-02-09T13:48:31","slug":"nachhaltigkeit","status":"publish","type":"page","link":"https:\/\/www.bruellan.ch\/de\/nachhaltigkeit\/","title":{"rendered":"Nachhaltigkeit"},"content":{"rendered":"\n<div style=\"height:100px\" aria-hidden=\"true\" class=\"wp-block-spacer\"><\/div>\n\n<p class=\"has-medium-font-size\">Was <strong>langfristige Anlagen<\/strong> betrifft, meinen wir, dass auf Nachhaltigkeit bezogene Risiken sich auf die Wertentwicklung von Anlagen auswirken k\u00f6nnen, wenn sie nicht auf ad\u00e4quate Weise gemanagt werden. Genau darum analysieren unsere Anlageteams auch diese Risiken im Rahmen ihres Anlageauswahlverfahrens, gleich, ob es sich um auf die Umwelt, die Gesellschaft oder Unternehmensf\u00fchrung bezogene (<em>ESG<\/em>) Risiken handelt. Dies erfolgt in Abstimmung mit den Werten von Bruellan.<\/p>\n\n<p class=\"has-medium-font-size\">Zur Realisierung unserer Philosophie verkn\u00fcpfen wir verschiedene Methodiken verantwortlicher Anlagen mit unseren Anlageauswahlverfahren.<\/p>\n\n<div style=\"height:50px\" aria-hidden=\"true\" class=\"wp-block-spacer\"><\/div>\n\n<h2 class=\"wp-block-heading\">Unsere Methodik<\/h2>\n\n<div class=\"wp-block-columns is-layout-flex wp-container-core-columns-is-layout-9d6595d7 wp-block-columns-is-layout-flex\">\n<div class=\"wp-block-column is-layout-flow wp-block-column-is-layout-flow\">\n<p>Zun\u00e4chst kommen <em>ESG-Filter<\/em> zum Einsatz (basierend auf internationalen Normen, branchenm\u00e4ssigen Einschr\u00e4nkungen und \u00ab Worst-in-Class\u00bb-Ausschliessungen), um bestimmte Unternehmen aus der Anlagenauswahl auszuschliessen.<\/p>\n<\/div>\n\n\n\n<div class=\"wp-block-column is-layout-flow wp-block-column-is-layout-flow\">\n<p>Danach werden <em>ESG-Faktoren<\/em> bei der Analyse und Anlageentscheidung einbezogen und angewendet. Wir halten uns diesbez\u00fcglich an die Definition, wie sie anhand der <strong>\u00abPrinzipien f\u00fcr verantwortliches Investieren der Vereinten Nationen\u00bb<\/strong> festgelegt ist. Das heisst: ausdr\u00fcckliche und systematische Einbeziehung der ESG-Fragestellungen in die Analyse und Anlageentscheidungen. Und das bedeutet, dass unter strenger Einhaltung des Bruellan-Anlageverfahrens unsere Teams eine Analyse der Finanz- wie auch ESG-Kennzahlen durchf\u00fchren, um f\u00fcr jeden Anlagefall bedeutende Risikofaktoren identifizieren zu k\u00f6nnen. Nach Erkennung solcher Faktoren bewerten unsere Teams deren m\u00f6gliche Auswirkung auf die Wertentwicklung des Unternehmens und treffen ihre Anlageentscheidung unter Einbeziehung dieser Fundamentalanalyse.<\/p>\n<\/div>\n<\/div>\n\n<div class=\"wp-block-cover alignfull is-light\"><span aria-hidden=\"true\" class=\"wp-block-cover__background has-vert-clair-background-color has-background-dim-100 has-background-dim\"><\/span><div class=\"wp-block-cover__inner-container is-layout-flow wp-block-cover-is-layout-flow\">\n<h2 class=\"wp-block-heading has-vert-color has-text-color\">Eine verantwortliche, engagierte Haltung<\/h2>\n\n\n\n<p class=\"has-vert-color has-text-color has-medium-font-size\">Wir steuern und managen auf verantwortliche und engagierte Weise, um unsere Philosophie nachhaltiger Investitionen auch wirklich zu realisieren und um besser die Verm\u00f6genswerte, die uns von unseren Kunden anvertraut wurden, zu sch\u00fctzen und aufzuwerten. Es sind zwei Pfeiler, die diesen Ansatz unterst\u00fctzen: Engagement und Stimmrechtsvertretung.<\/p>\n\n\n\n<div style=\"height:50px\" aria-hidden=\"true\" class=\"wp-block-spacer\"><\/div>\n\n\n\n<div class=\"wp-block-media-text is-stacked-on-mobile\"><figure class=\"wp-block-media-text__media\"><img loading=\"lazy\" decoding=\"async\" width=\"1320\" height=\"880\" src=\"https:\/\/www.bruellan.ch\/wp-content\/uploads\/2023\/01\/Bruellan_site_2-1320x880.jpg\" alt=\"\" class=\"wp-image-126191 size-full\" srcset=\"https:\/\/www.bruellan.ch\/wp-content\/uploads\/2023\/01\/Bruellan_site_2-1320x880.jpg 1320w, https:\/\/www.bruellan.ch\/wp-content\/uploads\/2023\/01\/Bruellan_site_2-660x440.jpg 660w, https:\/\/www.bruellan.ch\/wp-content\/uploads\/2023\/01\/Bruellan_site_2-768x512.jpg 768w, https:\/\/www.bruellan.ch\/wp-content\/uploads\/2023\/01\/Bruellan_site_2-1536x1024.jpg 1536w, https:\/\/www.bruellan.ch\/wp-content\/uploads\/2023\/01\/Bruellan_site_2.jpg 1600w\" sizes=\"auto, (max-width: 1320px) 100vw, 1320px\" \/><\/figure><div class=\"wp-block-media-text__content\">\n<p class=\"has-vert-color has-text-color\"><strong>Engagement<\/strong><\/p>\n\n\n\n<p class=\"has-vert-color has-text-color\">Das Engagement mit bestimmten Unternehmen in Bezug auf ESG-Fragestellungen kann auf verschiedene Weise erfolgen (private oder gemeinschaftliche Gespr\u00e4che, Korrespondenz, usw.). Wir streben nach einem ehrlichen Dialog und wollen die Probleme, die sich ihnen stellen, verstehen.<\/p>\n<\/div><\/div>\n\n\n\n<div class=\"wp-block-media-text has-media-on-the-right is-stacked-on-mobile\"><div class=\"wp-block-media-text__content\">\n<p class=\"has-vert-color has-text-color\"><strong>Stimmrechtsvertretung<\/strong><\/p>\n\n\n\n<p class=\"has-vert-color has-text-color\">Die Aus\u00fcbung der Stimmrechte ist das direkteste Mittel, F\u00fchrungskr\u00e4fte eines Unternehmens zur Verantwortung heranzuziehen und unsere Interessen als Minderheitsaktion\u00e4r mit deren eigenen anzugleichen. Dieses Instrument ist entscheidend f\u00fcr unsere Ausrichtung einer verantwortungsbewussten, engagierten Verm\u00f6gensverwaltung.<\/p>\n<\/div><figure class=\"wp-block-media-text__media\"><img loading=\"lazy\" decoding=\"async\" width=\"1200\" height=\"798\" src=\"https:\/\/www.bruellan.ch\/wp-content\/uploads\/2023\/11\/reservoir-deep-mountain-began-discharge-flood-light.jpg\" alt=\"\" class=\"wp-image-150609 size-full\" srcset=\"https:\/\/www.bruellan.ch\/wp-content\/uploads\/2023\/11\/reservoir-deep-mountain-began-discharge-flood-light.jpg 1200w, https:\/\/www.bruellan.ch\/wp-content\/uploads\/2023\/11\/reservoir-deep-mountain-began-discharge-flood-light-660x439.jpg 660w, https:\/\/www.bruellan.ch\/wp-content\/uploads\/2023\/11\/reservoir-deep-mountain-began-discharge-flood-light-768x511.jpg 768w\" sizes=\"auto, (max-width: 1200px) 100vw, 1200px\" \/><\/figure><\/div>\n<\/div><\/div>\n\n<div style=\"height:100px\" aria-hidden=\"true\" class=\"wp-block-spacer\"><\/div>\n\n<h2 class=\"wp-block-heading\">Anwendungsbereich<\/h2>\n\n<div class=\"wp-block-media-text is-stacked-on-mobile\"><figure class=\"wp-block-media-text__media\"><img loading=\"lazy\" decoding=\"async\" width=\"1320\" height=\"880\" src=\"https:\/\/www.bruellan.ch\/wp-content\/uploads\/2023\/01\/Bruellan_site_13-1320x880.jpg\" alt=\"\" class=\"wp-image-126196 size-full\" srcset=\"https:\/\/www.bruellan.ch\/wp-content\/uploads\/2023\/01\/Bruellan_site_13-1320x880.jpg 1320w, https:\/\/www.bruellan.ch\/wp-content\/uploads\/2023\/01\/Bruellan_site_13-660x440.jpg 660w, https:\/\/www.bruellan.ch\/wp-content\/uploads\/2023\/01\/Bruellan_site_13-768x512.jpg 768w, https:\/\/www.bruellan.ch\/wp-content\/uploads\/2023\/01\/Bruellan_site_13-1536x1024.jpg 1536w, https:\/\/www.bruellan.ch\/wp-content\/uploads\/2023\/01\/Bruellan_site_13.jpg 1600w\" sizes=\"auto, (max-width: 1320px) 100vw, 1320px\" \/><\/figure><div class=\"wp-block-media-text__content\">\n<p>Sofern nichts anders angegeben, gelten alle zuvor beschriebenen Engagements und Verfahren nur f\u00fcr die Fonds, die vom Asset-Management-Team von Bruellan verwaltet werden und die gem\u00e4ss Art. 8 der EU-Verordnung \u00fcber nachhaltigkeitsbezogene Offenlegungspflichten im Finanzdienstleistungssektor oder gem\u00e4ss gleichwertigen, unter Schweizer Gesetzgebung registrierten Strategien eingestuft sind.<\/p>\n\n\n\n<p><\/p>\n\n\n\n<p><strong>\u2013 <a href=\"https:\/\/www.bruellan.ch\/de\/asset-management\/#protea-bam-european-family-enterprises\">Protea \u2013 BAM Europe Family Enterprises<\/a><\/strong><br\/><strong>\u2013 <a href=\"https:\/\/www.bruellan.ch\/de\/asset-management\/#protea-bam-swiss-family-enterprises\">Protea \u2013 BAM Swiss Family Enterprises<\/a><\/strong><br\/><strong>\u2013 <a href=\"https:\/\/www.bruellan.ch\/de\/asset-management\/#protea-bam-swiss-equities\">Protea \u2013 BAM Swiss Equities<\/a><\/strong><br\/><strong>\u2013 <a href=\"https:\/\/www.bruellan.ch\/de\/asset-management\/#bruellan-dynamic-fund-swiss-equities\">Bruellan Dynamic \u2013 Swiss Equities<\/a><\/strong><\/p>\n<\/div><\/div>\n\n<div class=\"wp-block-columns is-layout-flex wp-container-core-columns-is-layout-9d6595d7 wp-block-columns-is-layout-flex\">\n<div class=\"wp-block-column is-layout-flow wp-block-column-is-layout-flow\"><\/div>\n\n\n\n<div class=\"wp-block-column is-layout-flow wp-block-column-is-layout-flow\"><\/div>\n<\/div>\n","protected":false},"excerpt":{"rendered":"<p>Was langfristige Anlagen betrifft, meinen wir, dass auf Nachhaltigkeit bezogene Risiken sich auf die Wertentwicklung von Anlagen auswirken k\u00f6nnen, wenn sie nicht auf ad\u00e4quate Weise gemanagt werden. Genau darum analysieren &#8230; <\/p>\n<div class=\"read-more-link-box\"><a class=\"read-more-link\" href=\"https:\/\/www.bruellan.ch\/de\/nachhaltigkeit\/\">Weiterlesen<\/a><\/div>\n","protected":false},"author":1,"featured_media":0,"parent":0,"menu_order":0,"comment_status":"closed","ping_status":"closed","template":"","meta":{"_acf_changed":false,"footnotes":""},"class_list":["post-196744","page","type-page","status-publish","hentry"],"acf":[],"yoast_head":"<!-- This site is optimized with the Yoast SEO plugin v26.7 - https:\/\/yoast.com\/wordpress\/plugins\/seo\/ -->\n<title>Nachhaltigkeit - Bruellan<\/title>\n<meta name=\"robots\" content=\"index, follow, max-snippet:-1, max-image-preview:large, max-video-preview:-1\" \/>\n<link rel=\"canonical\" href=\"https:\/\/www.bruellan.ch\/de\/nachhaltigkeit\/\" \/>\n<meta property=\"og:locale\" content=\"de_DE\" \/>\n<meta property=\"og:type\" content=\"article\" \/>\n<meta property=\"og:title\" content=\"Nachhaltigkeit - Bruellan\" \/>\n<meta property=\"og:description\" content=\"Was langfristige Anlagen betrifft, meinen wir, dass auf Nachhaltigkeit bezogene Risiken sich auf die Wertentwicklung von Anlagen auswirken k\u00f6nnen, wenn sie nicht auf ad\u00e4quate Weise gemanagt werden. Genau darum analysieren ... Weiterlesen\" \/>\n<meta property=\"og:url\" content=\"https:\/\/www.bruellan.ch\/de\/nachhaltigkeit\/\" \/>\n<meta property=\"og:site_name\" content=\"Bruellan\" \/>\n<meta property=\"article:modified_time\" content=\"2024-02-09T13:48:31+00:00\" \/>\n<meta property=\"og:image\" content=\"https:\/\/www.bruellan.ch\/wp-content\/uploads\/2023\/01\/Bruellan_site_2-1320x880.jpg\" \/>\n<meta name=\"twitter:card\" content=\"summary_large_image\" \/>\n<meta name=\"twitter:label1\" content=\"Gesch\u00e4tzte Lesezeit\" \/>\n\t<meta name=\"twitter:data1\" content=\"2\u00a0Minuten\" \/>\n<script type=\"application\/ld+json\" class=\"yoast-schema-graph\">{\"@context\":\"https:\/\/schema.org\",\"@graph\":[{\"@type\":\"WebPage\",\"@id\":\"https:\/\/www.bruellan.ch\/de\/nachhaltigkeit\/\",\"url\":\"https:\/\/www.bruellan.ch\/de\/nachhaltigkeit\/\",\"name\":\"Nachhaltigkeit - Bruellan\",\"isPartOf\":{\"@id\":\"https:\/\/www.bruellan.ch\/#website\"},\"primaryImageOfPage\":{\"@id\":\"https:\/\/www.bruellan.ch\/de\/nachhaltigkeit\/#primaryimage\"},\"image\":{\"@id\":\"https:\/\/www.bruellan.ch\/de\/nachhaltigkeit\/#primaryimage\"},\"thumbnailUrl\":\"https:\/\/www.bruellan.ch\/wp-content\/uploads\/2023\/01\/Bruellan_site_2-1320x880.jpg\",\"datePublished\":\"2023-01-18T14:59:06+00:00\",\"dateModified\":\"2024-02-09T13:48:31+00:00\",\"breadcrumb\":{\"@id\":\"https:\/\/www.bruellan.ch\/de\/nachhaltigkeit\/#breadcrumb\"},\"inLanguage\":\"de\",\"potentialAction\":[{\"@type\":\"ReadAction\",\"target\":[\"https:\/\/www.bruellan.ch\/de\/nachhaltigkeit\/\"]}]},{\"@type\":\"ImageObject\",\"inLanguage\":\"de\",\"@id\":\"https:\/\/www.bruellan.ch\/de\/nachhaltigkeit\/#primaryimage\",\"url\":\"https:\/\/www.bruellan.ch\/wp-content\/uploads\/2023\/01\/Bruellan_site_2-1320x880.jpg\",\"contentUrl\":\"https:\/\/www.bruellan.ch\/wp-content\/uploads\/2023\/01\/Bruellan_site_2-1320x880.jpg\"},{\"@type\":\"BreadcrumbList\",\"@id\":\"https:\/\/www.bruellan.ch\/de\/nachhaltigkeit\/#breadcrumb\",\"itemListElement\":[{\"@type\":\"ListItem\",\"position\":1,\"name\":\"Home\",\"item\":\"https:\/\/www.bruellan.ch\/de\/\"},{\"@type\":\"ListItem\",\"position\":2,\"name\":\"Nachhaltigkeit\"}]},{\"@type\":\"WebSite\",\"@id\":\"https:\/\/www.bruellan.ch\/#website\",\"url\":\"https:\/\/www.bruellan.ch\/\",\"name\":\"Bruellan\",\"description\":\"Votre partenaire suisse dans la gestion et la transmission de votre patrimoine familial\",\"publisher\":{\"@id\":\"https:\/\/www.bruellan.ch\/#organization\"},\"potentialAction\":[{\"@type\":\"SearchAction\",\"target\":{\"@type\":\"EntryPoint\",\"urlTemplate\":\"https:\/\/www.bruellan.ch\/?s={search_term_string}\"},\"query-input\":{\"@type\":\"PropertyValueSpecification\",\"valueRequired\":true,\"valueName\":\"search_term_string\"}}],\"inLanguage\":\"de\"},{\"@type\":\"Organization\",\"@id\":\"https:\/\/www.bruellan.ch\/#organization\",\"name\":\"Bruellan\",\"url\":\"https:\/\/www.bruellan.ch\/\",\"logo\":{\"@type\":\"ImageObject\",\"inLanguage\":\"de\",\"@id\":\"https:\/\/www.bruellan.ch\/#\/schema\/logo\/image\/\",\"url\":\"https:\/\/www.bruellan.ch\/wp-content\/uploads\/2023\/12\/bruellan-logo.png\",\"contentUrl\":\"https:\/\/www.bruellan.ch\/wp-content\/uploads\/2023\/12\/bruellan-logo.png\",\"width\":800,\"height\":185,\"caption\":\"Bruellan\"},\"image\":{\"@id\":\"https:\/\/www.bruellan.ch\/#\/schema\/logo\/image\/\"},\"sameAs\":[\"https:\/\/www.linkedin.com\/company\/bruellan-s-a-\/\",\"https:\/\/www.youtube.com\/@bruellangroup7443\",\"https:\/\/www.instagram.com\/bruellan_sa\/?hl=fr\"]}]}<\/script>\n<!-- \/ Yoast SEO plugin. -->","yoast_head_json":{"title":"Nachhaltigkeit - Bruellan","robots":{"index":"index","follow":"follow","max-snippet":"max-snippet:-1","max-image-preview":"max-image-preview:large","max-video-preview":"max-video-preview:-1"},"canonical":"https:\/\/www.bruellan.ch\/de\/nachhaltigkeit\/","og_locale":"de_DE","og_type":"article","og_title":"Nachhaltigkeit - Bruellan","og_description":"Was langfristige Anlagen betrifft, meinen wir, dass auf Nachhaltigkeit bezogene Risiken sich auf die Wertentwicklung von Anlagen auswirken k\u00f6nnen, wenn sie nicht auf ad\u00e4quate Weise gemanagt werden. Genau darum analysieren ... Weiterlesen","og_url":"https:\/\/www.bruellan.ch\/de\/nachhaltigkeit\/","og_site_name":"Bruellan","article_modified_time":"2024-02-09T13:48:31+00:00","og_image":[{"url":"https:\/\/www.bruellan.ch\/wp-content\/uploads\/2023\/01\/Bruellan_site_2-1320x880.jpg","type":"","width":"","height":""}],"twitter_card":"summary_large_image","twitter_misc":{"Gesch\u00e4tzte Lesezeit":"2\u00a0Minuten"},"schema":{"@context":"https:\/\/schema.org","@graph":[{"@type":"WebPage","@id":"https:\/\/www.bruellan.ch\/de\/nachhaltigkeit\/","url":"https:\/\/www.bruellan.ch\/de\/nachhaltigkeit\/","name":"Nachhaltigkeit - Bruellan","isPartOf":{"@id":"https:\/\/www.bruellan.ch\/#website"},"primaryImageOfPage":{"@id":"https:\/\/www.bruellan.ch\/de\/nachhaltigkeit\/#primaryimage"},"image":{"@id":"https:\/\/www.bruellan.ch\/de\/nachhaltigkeit\/#primaryimage"},"thumbnailUrl":"https:\/\/www.bruellan.ch\/wp-content\/uploads\/2023\/01\/Bruellan_site_2-1320x880.jpg","datePublished":"2023-01-18T14:59:06+00:00","dateModified":"2024-02-09T13:48:31+00:00","breadcrumb":{"@id":"https:\/\/www.bruellan.ch\/de\/nachhaltigkeit\/#breadcrumb"},"inLanguage":"de","potentialAction":[{"@type":"ReadAction","target":["https:\/\/www.bruellan.ch\/de\/nachhaltigkeit\/"]}]},{"@type":"ImageObject","inLanguage":"de","@id":"https:\/\/www.bruellan.ch\/de\/nachhaltigkeit\/#primaryimage","url":"https:\/\/www.bruellan.ch\/wp-content\/uploads\/2023\/01\/Bruellan_site_2-1320x880.jpg","contentUrl":"https:\/\/www.bruellan.ch\/wp-content\/uploads\/2023\/01\/Bruellan_site_2-1320x880.jpg"},{"@type":"BreadcrumbList","@id":"https:\/\/www.bruellan.ch\/de\/nachhaltigkeit\/#breadcrumb","itemListElement":[{"@type":"ListItem","position":1,"name":"Home","item":"https:\/\/www.bruellan.ch\/de\/"},{"@type":"ListItem","position":2,"name":"Nachhaltigkeit"}]},{"@type":"WebSite","@id":"https:\/\/www.bruellan.ch\/#website","url":"https:\/\/www.bruellan.ch\/","name":"Bruellan","description":"Votre partenaire suisse dans la gestion et la transmission de votre patrimoine familial","publisher":{"@id":"https:\/\/www.bruellan.ch\/#organization"},"potentialAction":[{"@type":"SearchAction","target":{"@type":"EntryPoint","urlTemplate":"https:\/\/www.bruellan.ch\/?s={search_term_string}"},"query-input":{"@type":"PropertyValueSpecification","valueRequired":true,"valueName":"search_term_string"}}],"inLanguage":"de"},{"@type":"Organization","@id":"https:\/\/www.bruellan.ch\/#organization","name":"Bruellan","url":"https:\/\/www.bruellan.ch\/","logo":{"@type":"ImageObject","inLanguage":"de","@id":"https:\/\/www.bruellan.ch\/#\/schema\/logo\/image\/","url":"https:\/\/www.bruellan.ch\/wp-content\/uploads\/2023\/12\/bruellan-logo.png","contentUrl":"https:\/\/www.bruellan.ch\/wp-content\/uploads\/2023\/12\/bruellan-logo.png","width":800,"height":185,"caption":"Bruellan"},"image":{"@id":"https:\/\/www.bruellan.ch\/#\/schema\/logo\/image\/"},"sameAs":["https:\/\/www.linkedin.com\/company\/bruellan-s-a-\/","https:\/\/www.youtube.com\/@bruellangroup7443","https:\/\/www.instagram.com\/bruellan_sa\/?hl=fr"]}]}},"_links":{"self":[{"href":"https:\/\/www.bruellan.ch\/de\/wp-json\/wp\/v2\/pages\/196744","targetHints":{"allow":["GET"]}}],"collection":[{"href":"https:\/\/www.bruellan.ch\/de\/wp-json\/wp\/v2\/pages"}],"about":[{"href":"https:\/\/www.bruellan.ch\/de\/wp-json\/wp\/v2\/types\/page"}],"author":[{"embeddable":true,"href":"https:\/\/www.bruellan.ch\/de\/wp-json\/wp\/v2\/users\/1"}],"replies":[{"embeddable":true,"href":"https:\/\/www.bruellan.ch\/de\/wp-json\/wp\/v2\/comments?post=196744"}],"version-history":[{"count":1,"href":"https:\/\/www.bruellan.ch\/de\/wp-json\/wp\/v2\/pages\/196744\/revisions"}],"predecessor-version":[{"id":196751,"href":"https:\/\/www.bruellan.ch\/de\/wp-json\/wp\/v2\/pages\/196744\/revisions\/196751"}],"wp:attachment":[{"href":"https:\/\/www.bruellan.ch\/de\/wp-json\/wp\/v2\/media?parent=196744"}],"curies":[{"name":"wp","href":"https:\/\/api.w.org\/{rel}","templated":true}]}}