{"id":196702,"date":"2020-09-09T17:18:06","date_gmt":"2020-09-09T15:18:06","guid":{"rendered":"https:\/\/www.bruellan.ch\/unsere-gruppe\/"},"modified":"2025-02-18T09:00:30","modified_gmt":"2025-02-18T08:00:30","slug":"unsere-gruppe","status":"publish","type":"page","link":"https:\/\/www.bruellan.ch\/de\/unsere-gruppe\/","title":{"rendered":"Unsere Gruppe"},"content":{"rendered":"\n<div class=\"wp-block-cover alignfull is-light\" style=\"min-height:50px;aspect-ratio:unset;\"><span aria-hidden=\"true\" class=\"wp-block-cover__background has-vert-clair-background-color has-background-dim-100 has-background-dim\"><\/span><div class=\"wp-block-cover__inner-container is-layout-flow wp-block-cover-is-layout-flow\">\n<div id=\"highlightnumber-block_f9d8bc79cd5ea488e3f60cdf556a66c9\" class=\"highlightnumber-block\">\n\n\t<div class=\"highlight-number-strat\">\n\n\t\t<div class=\"highlight-number-content row\">\n\n\t\t\t\n\t\t\t\t<div class=\"highlight-number-item  col-12 col-md-6 col-lg-4\">\n\n\t\t\t\t\t\n\t\t\t\t\t\t\t<div class=\"highlight-number-number\">\n\t\t\t\t\t\t\t\t<span class='numscroller' data-min='1' data-max='1991' data-delay='5' data-increment='5'>1991<\/span><span class=\"numscroller-unite\"><\/span>\n\t\t\t\t\t\t\t<\/div><!-- highlight-number-number-->\n\t\t\t\t\t\t\t<div class=\"highlight-number-legend\">\n\t\t\t\t\t\t\t\tGr\u00fcndungsjahr\t\t\t\t\t\t\t<\/div><!-- highlight-number-legend-->\n\n\t\t\t\t\t\n\t\t\t\t<\/div><!-- highlight-number-item-->\n\n\n\t\t\t\t\n\t\t\t\t<div class=\"highlight-number-item  col-12 col-md-6 col-lg-4\">\n\n\t\t\t\t\t<a href=\"https:\/\/www.bruellan.ch\/contact\/\">\n\t\t\t\t\t\t\t<div class=\"highlight-number-number\">\n\t\t\t\t\t\t\t\t<span class='numscroller' data-min='1' data-max='5' data-delay='5' data-increment='3'>5<\/span><span class=\"numscroller-unite\"><\/span>\n\t\t\t\t\t\t\t<\/div><!-- highlight-number-number-->\n\t\t\t\t\t\t\t<div class=\"highlight-number-legend\">\n\t\t\t\t\t\t\t\tGesch\u00e4ftsstellen\t\t\t\t\t\t\t<\/div><!-- highlight-number-legend-->\n\n\t\t\t\t\t<\/a>\n\t\t\t\t<\/div><!-- highlight-number-item-->\n\n\n\t\t\t\t\n\t\t\t\t<div class=\"highlight-number-item  col-12 col-md-6 col-lg-4\">\n\n\t\t\t\t\t<a href=\"https:\/\/www.bruellan.ch\/notre-equipe\/\">\n\t\t\t\t\t\t\t<div class=\"highlight-number-number\">\n\t\t\t\t\t\t\t\t<span class='numscroller' data-min='1' data-max='45' data-delay='5' data-increment='2'>45<\/span><span class=\"numscroller-unite\"><\/span>\n\t\t\t\t\t\t\t<\/div><!-- highlight-number-number-->\n\t\t\t\t\t\t\t<div class=\"highlight-number-legend\">\n\t\t\t\t\t\t\t\tMitarbeiter\t\t\t\t\t\t\t<\/div><!-- highlight-number-legend-->\n\n\t\t\t\t\t<\/a>\n\t\t\t\t<\/div><!-- highlight-number-item-->\n\n\n\t\t\t\t\n\t\t<\/div>\n\n\n\n\n\n\t<\/div><!-- homestrat -->\n\n\n\n<\/div><!-- cusotm-block --><\/div><\/div>\n\n\n\n<div class=\"wp-block-media-text is-stacked-on-mobile is-vertically-aligned-center is-image-fill-element\"><figure class=\"wp-block-media-text__media\"><img loading=\"lazy\" decoding=\"async\" width=\"1320\" height=\"880\" src=\"https:\/\/www.bruellan.ch\/wp-content\/uploads\/2023\/01\/Bruellan_site_12-1320x880.jpg\" alt=\"\" class=\"wp-image-126204 size-full\" style=\"object-position:50% 50%\" srcset=\"https:\/\/www.bruellan.ch\/wp-content\/uploads\/2023\/01\/Bruellan_site_12-1320x880.jpg 1320w, https:\/\/www.bruellan.ch\/wp-content\/uploads\/2023\/01\/Bruellan_site_12-660x440.jpg 660w, https:\/\/www.bruellan.ch\/wp-content\/uploads\/2023\/01\/Bruellan_site_12-768x512.jpg 768w, https:\/\/www.bruellan.ch\/wp-content\/uploads\/2023\/01\/Bruellan_site_12-1536x1024.jpg 1536w, https:\/\/www.bruellan.ch\/wp-content\/uploads\/2023\/01\/Bruellan_site_12.jpg 1600w\" sizes=\"auto, (max-width: 1320px) 100vw, 1320px\" \/><\/figure><div class=\"wp-block-media-text__content\">\n<h2 class=\"wp-block-heading\">Unsere Geschichte<\/h2>\n\n\n\n<p><strong>Bruellan wurde im Jahr 1991 in Genf gegr\u00fcndet, und 2001 wurde das Unternehmen von Antoine Spillmann und Jean-Paul Tissi\u00e8res \u00fcbernommen. Wir sind ein f\u00fchrender unabh\u00e4ngiger Verm\u00f6gensverwalter, der bereits 2008 von der FINMA zugelassen wurde.<\/strong><\/p>\n\n\n\n<p>2015 wurde der Bereich Asset Management eingerichtet, um intern wie auch extern thematische Fonds anzubieten, die der Vision der Gesellschaft entsprechen, und um hervorragende, innovative wie auch passende Anlagen zu erm\u00f6glichen. Denn Bruellan war \u00fcberzeugt von der Wichtigkeit, Kunden, Familien und Unternehmern Fondsmanagementdienste bereitzustellen.<\/p>\n\n\n\n<p>Im Laufe der Jahre hat Bruellan nie aufgeh\u00f6rt, seine Teams zu st\u00e4rken, um \u00fcberragende Dienste hinsichtlich Finanzinnovationen, Marktkenntnisse und Governance leisten zu k\u00f6nnen.<\/p>\n\n\n\n<p>Diesbez\u00fcglich ist Bruellan eine der wenigen Verm\u00f6gensverwaltungsgesellschaften mit einem vollst\u00e4ndig unabh\u00e4ngigen Verwaltungsrat, der zu mehr als ein Drittel von Frauen besetzt ist.<\/p>\n\n\n\n<p>Und ebenso bauen wir unsere Palette an Verm\u00f6gensverwaltungsdiensten weiterhin aus, um auch in Zukunft den Anforderungen neuer Generationen an Anlegern und Unternehmern gerecht zu werden.<\/p>\n<\/div><\/div>\n\n\n\n<div class=\"wp-block-media-text has-media-on-the-right is-stacked-on-mobile is-vertically-aligned-center is-image-fill-element\"><div class=\"wp-block-media-text__content\">\n<h2 class=\"wp-block-heading\">Die Pluspunkte der Schweiz<\/h2>\n\n\n\n<p>Die Schweiz ist ein weltweit anerkanntes Kompetenzzentrum f\u00fcr Verm\u00f6gensmanagement und -verwaltung.<\/p>\n\n\n\n<p>Dank unserer langj\u00e4hrigen Erfahrungen im Bankenbereich haben wir erstklassiges Know-how erworben, das von der Pr\u00e4zision und der Gewissenhaftigkeit, die zudem den Ruf unserer Branche ausmachen, stark gepr\u00e4gt wird.<\/p>\n\n\n\n<p>Und ausserdem zeichnet sich die Schweiz durch un\u00fcbertreffbare politische Stabilit\u00e4t, unbestreitbare finanzielle St\u00e4rke und anerkannte Unabh\u00e4ngigkeit aus.<\/p>\n\n\n\n<p>Auch mit Blick in die Zukunft ist Bruellan stolz darauf, seine Werte an diese helvetische Kultur verkn\u00fcpft zu haben.<\/p>\n<\/div><figure class=\"wp-block-media-text__media\"><img loading=\"lazy\" decoding=\"async\" width=\"1320\" height=\"1178\" src=\"https:\/\/www.bruellan.ch\/wp-content\/uploads\/2023\/09\/scenery-beautiful-river-mountains-small-houses-cloudy-sky-light-1320x1178.jpg\" alt=\"\" class=\"wp-image-150105 size-full\" style=\"object-position:50% 50%\" srcset=\"https:\/\/www.bruellan.ch\/wp-content\/uploads\/2023\/09\/scenery-beautiful-river-mountains-small-houses-cloudy-sky-light-1320x1178.jpg 1320w, https:\/\/www.bruellan.ch\/wp-content\/uploads\/2023\/09\/scenery-beautiful-river-mountains-small-houses-cloudy-sky-light-660x589.jpg 660w, https:\/\/www.bruellan.ch\/wp-content\/uploads\/2023\/09\/scenery-beautiful-river-mountains-small-houses-cloudy-sky-light-768x685.jpg 768w, https:\/\/www.bruellan.ch\/wp-content\/uploads\/2023\/09\/scenery-beautiful-river-mountains-small-houses-cloudy-sky-light-1536x1370.jpg 1536w, https:\/\/www.bruellan.ch\/wp-content\/uploads\/2023\/09\/scenery-beautiful-river-mountains-small-houses-cloudy-sky-light.jpg 1800w\" sizes=\"auto, (max-width: 1320px) 100vw, 1320px\" \/><\/figure><\/div>\n\n\n\n<div class=\"wp-block-cover alignfull is-light\"><span aria-hidden=\"true\" class=\"wp-block-cover__background has-vert-clair-background-color has-background-dim-100 has-background-dim\"><\/span><div class=\"wp-block-cover__inner-container is-layout-flow wp-block-cover-is-layout-flow\">\n<figure class=\"wp-block-pullquote has-text-align-left\"><blockquote><p>\u00ab <em>Seit der Gr\u00fcndung von Bruellan bieten wir Verm\u00f6gensverwaltungsdienste, die sich durch individuelle Gestaltung und Unabh\u00e4ngigkeit auszeichnen. Dabei stehen bei uns die partnerschaftliche Zusammenarbeit, eine ethische Vorgangsweise und mit unseren Kunden geteilte Werte im Vordergrund.<\/em>\u00bb<\/p><cite><strong>Antoine Spillmann<\/strong><br>Partner, Mitgr\u00fcnder<\/cite><\/blockquote><\/figure>\n<\/div><\/div>\n\n\n\n<div class=\"wp-block-cover alignfull has-parallax\" style=\"min-height:8em;aspect-ratio:unset;\"><span aria-hidden=\"true\" class=\"wp-block-cover__background has-background-dim-0 has-background-dim\"><\/span><div class=\"wp-block-cover__image-background wp-image-150631 has-parallax\" style=\"background-position:50% 50%;background-image:url(https:\/\/www.bruellan.ch\/wp-content\/uploads\/2023\/11\/bg-sponsors-scaled.jpg)\"><\/div><div class=\"wp-block-cover__inner-container is-layout-constrained wp-block-cover-is-layout-constrained\">\n<h2 class=\"wp-block-heading mb-0 has-large-font-size\">Sponsorings<\/h2>\n<\/div><\/div>\n\n\n\n<div class=\"wp-block-cover alignfull is-light sponsoring-group\" style=\"min-height:100vh;aspect-ratio:unset;\"><span aria-hidden=\"true\" class=\"wp-block-cover__background has-white-background-color has-background-dim-100 has-background-dim\"><\/span><div class=\"wp-block-cover__inner-container is-layout-flow wp-block-cover-is-layout-flow\">\n<div class=\"wp-block-columns is-layout-flex wp-container-core-columns-is-layout-9d6595d7 wp-block-columns-is-layout-flex\">\n<div class=\"wp-block-column is-layout-flow wp-block-column-is-layout-flow\"><\/div>\n\n\n\n<div class=\"wp-block-column is-layout-flow wp-block-column-is-layout-flow\"><\/div>\n<\/div>\n\n\n\n<div style=\"height:50px\" aria-hidden=\"true\" class=\"wp-block-spacer\"><\/div>\n\n\n\n<div class=\"wp-block-columns is-layout-flex wp-container-core-columns-is-layout-9d6595d7 wp-block-columns-is-layout-flex\">\n<div class=\"wp-block-column is-layout-flow wp-block-column-is-layout-flow\" style=\"flex-basis:33.33%\">\n<figure class=\"wp-block-image size-full\"><img loading=\"lazy\" decoding=\"async\" width=\"1440\" height=\"960\" src=\"https:\/\/www.bruellan.ch\/wp-content\/uploads\/2024\/12\/image-3.jpg\" alt=\"\" class=\"wp-image-198273\" srcset=\"https:\/\/www.bruellan.ch\/wp-content\/uploads\/2024\/12\/image-3.jpg 1440w, https:\/\/www.bruellan.ch\/wp-content\/uploads\/2024\/12\/image-3-660x440.jpg 660w, https:\/\/www.bruellan.ch\/wp-content\/uploads\/2024\/12\/image-3-1320x880.jpg 1320w, https:\/\/www.bruellan.ch\/wp-content\/uploads\/2024\/12\/image-3-768x512.jpg 768w\" sizes=\"auto, (max-width: 1440px) 100vw, 1440px\" \/><\/figure>\n<\/div>\n\n\n\n<div class=\"wp-block-column is-layout-flow wp-block-column-is-layout-flow\" style=\"flex-basis:66.66%\">\n<h4 class=\"wp-block-heading\">Altitude Skischule<\/h4>\n\n\n\n<p><strong>Mit seiner Pr\u00e4senz in Verbier und Saanen ist Bruellan stolz darauf, F\u00f6rderer der Skischule Altitude zu sein, die mit ihrer 20-j\u00e4hrigen T\u00e4tigkeit f\u00fcr ihren Erfahrungsschatz und Kenntnisse der Bergwelt bekannt ist. <\/strong><\/p>\n\n\n\n<div class=\"wp-block-buttons is-layout-flex wp-block-buttons-is-layout-flex\">\n<div class=\"wp-block-button\"><a class=\"wp-block-button__link has-vert-moyen-background-color has-background wp-element-button\" href=\"https:\/\/www.altitudeskischool.com\/\" target=\"_blank\" rel=\"noreferrer noopener\">Mehr dazu<\/a><\/div>\n<\/div>\n<\/div>\n<\/div>\n\n\n\n<div style=\"height:50px\" aria-hidden=\"true\" class=\"wp-block-spacer\"><\/div>\n\n\n\n<div class=\"wp-block-columns is-layout-flex wp-container-core-columns-is-layout-9d6595d7 wp-block-columns-is-layout-flex\">\n<div class=\"wp-block-column is-layout-flow wp-block-column-is-layout-flow\" style=\"flex-basis:33.33%\">\n<figure class=\"wp-block-image size-full\"><img loading=\"lazy\" decoding=\"async\" width=\"1536\" height=\"1097\" src=\"https:\/\/www.bruellan.ch\/wp-content\/uploads\/2023\/11\/dc5a90b4-b8cb-4d92-aa1c-684d82894263.jpg\" alt=\"\" class=\"wp-image-150642\" srcset=\"https:\/\/www.bruellan.ch\/wp-content\/uploads\/2023\/11\/dc5a90b4-b8cb-4d92-aa1c-684d82894263.jpg 1536w, https:\/\/www.bruellan.ch\/wp-content\/uploads\/2023\/11\/dc5a90b4-b8cb-4d92-aa1c-684d82894263-660x471.jpg 660w, https:\/\/www.bruellan.ch\/wp-content\/uploads\/2023\/11\/dc5a90b4-b8cb-4d92-aa1c-684d82894263-1320x943.jpg 1320w, https:\/\/www.bruellan.ch\/wp-content\/uploads\/2023\/11\/dc5a90b4-b8cb-4d92-aa1c-684d82894263-768x549.jpg 768w\" sizes=\"auto, (max-width: 1536px) 100vw, 1536px\" \/><\/figure>\n<\/div>\n\n\n\n<div class=\"wp-block-column is-layout-flow wp-block-column-is-layout-flow\" style=\"flex-basis:66.66%\">\n<h4 class=\"wp-block-heading\">Die Guides de Verbier<\/h4>\n\n\n\n<p><strong>Seit 15 Jahren unterst\u00fctzt Bruellan voller Stolz die Guides de Verbier. Diese Partnerschaft unterstreicht das gemeinsame Engagement, ehrgeizige Ziele erreichen zu wollen, indem Risiken gewissenhaft gemeistert werden. <\/strong><\/p>\n\n\n\n<p class=\"has-small-font-size\">Ihre professionelle T\u00e4tigkeit ist immer schon eine Inspiration f\u00fcr uns gewesen, da Pr\u00e4zision und Umsicht f\u00fcr sie einfach lebensnotwendig sind. Zusammen klettern wir immer wieder zu neuen Gipfeln.<\/p>\n\n\n\n<div class=\"wp-block-buttons is-layout-flex wp-block-buttons-is-layout-flex\">\n<div class=\"wp-block-button\"><a class=\"wp-block-button__link has-vert-moyen-background-color has-background wp-element-button\" href=\"https:\/\/guideverbier.com\/\" target=\"_blank\" rel=\"noreferrer noopener\">Mehr dazu<\/a><\/div>\n<\/div>\n<\/div>\n<\/div>\n\n\n\n<div style=\"height:50px\" aria-hidden=\"true\" class=\"wp-block-spacer\"><\/div>\n\n\n\n<div class=\"wp-block-columns is-layout-flex wp-container-core-columns-is-layout-9d6595d7 wp-block-columns-is-layout-flex\">\n<div class=\"wp-block-column is-layout-flow wp-block-column-is-layout-flow\" style=\"flex-basis:33.33%\">\n<figure class=\"wp-block-image size-full\"><img loading=\"lazy\" decoding=\"async\" width=\"960\" height=\"640\" src=\"https:\/\/www.bruellan.ch\/wp-content\/uploads\/2023\/11\/image001-1.jpg\" alt=\"\" class=\"wp-image-150722\" srcset=\"https:\/\/www.bruellan.ch\/wp-content\/uploads\/2023\/11\/image001-1.jpg 960w, https:\/\/www.bruellan.ch\/wp-content\/uploads\/2023\/11\/image001-1-660x440.jpg 660w, https:\/\/www.bruellan.ch\/wp-content\/uploads\/2023\/11\/image001-1-768x512.jpg 768w\" sizes=\"auto, (max-width: 960px) 100vw, 960px\" \/><\/figure>\n<\/div>\n\n\n\n<div class=\"wp-block-column is-layout-flow wp-block-column-is-layout-flow\" style=\"flex-basis:66.66%\">\n<h4 class=\"wp-block-heading\">Golf de Bonmont<\/h4>\n\n\n\n<p><strong>Bruellan freut sich ebenso dar\u00fcber, gerade einen Sponsoring-Vertrag mit Golf de Bonmot abgeschlossen zu haben! Mitten in einem wundersch\u00f6nen, bewaldeten Park liegt das Schloss Bonmont mit Zugang zu einer charmanten Anlage. <\/strong><\/p>\n\n\n\n<p class=\"has-small-font-size\">Mit seiner fantastischen Lage am Genfer See gegen\u00fcber vom Mont Blanc erweist sich dieser magische Ort als geheimer Zufluchtsort. Die Domaine Bonmont ist nur wenige Minuten von Genf entfernt und heisst ihre G\u00e4ste mit 18 hellen, komplett renovierten Doppelzimmern willkommen. Ein von GaultMillau pr\u00e4miertes Restaurant und eine Golfanlage mit 18 L\u00f6chern und einer Gesamtl\u00e4nge von 6080 Metern und einem Golf-Par von 71 runden den Aufenthalt ab.<\/p>\n\n\n\n<div class=\"wp-block-buttons is-layout-flex wp-block-buttons-is-layout-flex\">\n<div class=\"wp-block-button\"><a class=\"wp-block-button__link has-vert-moyen-background-color has-background wp-element-button\" href=\"https:\/\/www.bonmont.com\/\" target=\"_blank\" rel=\"noreferrer noopener\">Mehr dazu<\/a><\/div>\n<\/div>\n<\/div>\n<\/div>\n<\/div><\/div>\n","protected":false},"excerpt":{"rendered":"<p>Unsere Geschichte Bruellan wurde im Jahr 1991 in Genf gegr\u00fcndet, und 2001 wurde das Unternehmen von Antoine Spillmann und Jean-Paul Tissi\u00e8res \u00fcbernommen. Wir sind ein f\u00fchrender unabh\u00e4ngiger Verm\u00f6gensverwalter, der bereits &#8230; <\/p>\n<div class=\"read-more-link-box\"><a class=\"read-more-link\" href=\"https:\/\/www.bruellan.ch\/de\/unsere-gruppe\/\">Weiterlesen<\/a><\/div>\n","protected":false},"author":1,"featured_media":0,"parent":0,"menu_order":0,"comment_status":"closed","ping_status":"closed","template":"","meta":{"_acf_changed":false,"footnotes":""},"class_list":["post-196702","page","type-page","status-publish","hentry"],"acf":[],"yoast_head":"<!-- This site is optimized with the Yoast SEO plugin v26.7 - https:\/\/yoast.com\/wordpress\/plugins\/seo\/ -->\n<title>Unsere Gruppe - Bruellan<\/title>\n<meta name=\"robots\" content=\"index, follow, max-snippet:-1, max-image-preview:large, max-video-preview:-1\" \/>\n<link rel=\"canonical\" href=\"https:\/\/www.bruellan.ch\/de\/unsere-gruppe\/\" \/>\n<meta property=\"og:locale\" content=\"de_DE\" \/>\n<meta property=\"og:type\" content=\"article\" \/>\n<meta property=\"og:title\" content=\"Unsere Gruppe - Bruellan\" \/>\n<meta property=\"og:description\" content=\"Unsere Geschichte Bruellan wurde im Jahr 1991 in Genf gegr\u00fcndet, und 2001 wurde das Unternehmen von Antoine Spillmann und Jean-Paul Tissi\u00e8res \u00fcbernommen. Wir sind ein f\u00fchrender unabh\u00e4ngiger Verm\u00f6gensverwalter, der bereits ... Weiterlesen\" \/>\n<meta property=\"og:url\" content=\"https:\/\/www.bruellan.ch\/de\/unsere-gruppe\/\" \/>\n<meta property=\"og:site_name\" content=\"Bruellan\" \/>\n<meta property=\"article:modified_time\" content=\"2025-02-18T08:00:30+00:00\" \/>\n<meta property=\"og:image\" content=\"https:\/\/www.bruellan.ch\/wp-content\/uploads\/2023\/01\/Bruellan_site_12.jpg\" \/>\n\t<meta property=\"og:image:width\" content=\"1600\" \/>\n\t<meta property=\"og:image:height\" content=\"1067\" \/>\n\t<meta property=\"og:image:type\" content=\"image\/jpeg\" \/>\n<meta name=\"twitter:card\" content=\"summary_large_image\" \/>\n<meta name=\"twitter:label1\" content=\"Gesch\u00e4tzte Lesezeit\" \/>\n\t<meta name=\"twitter:data1\" content=\"4\u00a0Minuten\" \/>\n<script type=\"application\/ld+json\" class=\"yoast-schema-graph\">{\"@context\":\"https:\/\/schema.org\",\"@graph\":[{\"@type\":\"WebPage\",\"@id\":\"https:\/\/www.bruellan.ch\/de\/unsere-gruppe\/\",\"url\":\"https:\/\/www.bruellan.ch\/de\/unsere-gruppe\/\",\"name\":\"Unsere Gruppe - Bruellan\",\"isPartOf\":{\"@id\":\"https:\/\/www.bruellan.ch\/#website\"},\"primaryImageOfPage\":{\"@id\":\"https:\/\/www.bruellan.ch\/de\/unsere-gruppe\/#primaryimage\"},\"image\":{\"@id\":\"https:\/\/www.bruellan.ch\/de\/unsere-gruppe\/#primaryimage\"},\"thumbnailUrl\":\"https:\/\/www.bruellan.ch\/wp-content\/uploads\/2023\/01\/Bruellan_site_12-1320x880.jpg\",\"datePublished\":\"2020-09-09T15:18:06+00:00\",\"dateModified\":\"2025-02-18T08:00:30+00:00\",\"breadcrumb\":{\"@id\":\"https:\/\/www.bruellan.ch\/de\/unsere-gruppe\/#breadcrumb\"},\"inLanguage\":\"de\",\"potentialAction\":[{\"@type\":\"ReadAction\",\"target\":[\"https:\/\/www.bruellan.ch\/de\/unsere-gruppe\/\"]}]},{\"@type\":\"ImageObject\",\"inLanguage\":\"de\",\"@id\":\"https:\/\/www.bruellan.ch\/de\/unsere-gruppe\/#primaryimage\",\"url\":\"https:\/\/www.bruellan.ch\/wp-content\/uploads\/2023\/01\/Bruellan_site_12-1320x880.jpg\",\"contentUrl\":\"https:\/\/www.bruellan.ch\/wp-content\/uploads\/2023\/01\/Bruellan_site_12-1320x880.jpg\"},{\"@type\":\"BreadcrumbList\",\"@id\":\"https:\/\/www.bruellan.ch\/de\/unsere-gruppe\/#breadcrumb\",\"itemListElement\":[{\"@type\":\"ListItem\",\"position\":1,\"name\":\"Home\",\"item\":\"https:\/\/www.bruellan.ch\/de\/\"},{\"@type\":\"ListItem\",\"position\":2,\"name\":\"Unsere Gruppe\"}]},{\"@type\":\"WebSite\",\"@id\":\"https:\/\/www.bruellan.ch\/#website\",\"url\":\"https:\/\/www.bruellan.ch\/\",\"name\":\"Bruellan\",\"description\":\"Votre partenaire suisse dans la gestion et la transmission de votre patrimoine familial\",\"publisher\":{\"@id\":\"https:\/\/www.bruellan.ch\/#organization\"},\"potentialAction\":[{\"@type\":\"SearchAction\",\"target\":{\"@type\":\"EntryPoint\",\"urlTemplate\":\"https:\/\/www.bruellan.ch\/?s={search_term_string}\"},\"query-input\":{\"@type\":\"PropertyValueSpecification\",\"valueRequired\":true,\"valueName\":\"search_term_string\"}}],\"inLanguage\":\"de\"},{\"@type\":\"Organization\",\"@id\":\"https:\/\/www.bruellan.ch\/#organization\",\"name\":\"Bruellan\",\"url\":\"https:\/\/www.bruellan.ch\/\",\"logo\":{\"@type\":\"ImageObject\",\"inLanguage\":\"de\",\"@id\":\"https:\/\/www.bruellan.ch\/#\/schema\/logo\/image\/\",\"url\":\"https:\/\/www.bruellan.ch\/wp-content\/uploads\/2023\/12\/bruellan-logo.png\",\"contentUrl\":\"https:\/\/www.bruellan.ch\/wp-content\/uploads\/2023\/12\/bruellan-logo.png\",\"width\":800,\"height\":185,\"caption\":\"Bruellan\"},\"image\":{\"@id\":\"https:\/\/www.bruellan.ch\/#\/schema\/logo\/image\/\"},\"sameAs\":[\"https:\/\/www.linkedin.com\/company\/bruellan-s-a-\/\",\"https:\/\/www.youtube.com\/@bruellangroup7443\",\"https:\/\/www.instagram.com\/bruellan_sa\/?hl=fr\"]}]}<\/script>\n<!-- \/ Yoast SEO plugin. -->","yoast_head_json":{"title":"Unsere Gruppe - Bruellan","robots":{"index":"index","follow":"follow","max-snippet":"max-snippet:-1","max-image-preview":"max-image-preview:large","max-video-preview":"max-video-preview:-1"},"canonical":"https:\/\/www.bruellan.ch\/de\/unsere-gruppe\/","og_locale":"de_DE","og_type":"article","og_title":"Unsere Gruppe - Bruellan","og_description":"Unsere Geschichte Bruellan wurde im Jahr 1991 in Genf gegr\u00fcndet, und 2001 wurde das Unternehmen von Antoine Spillmann und Jean-Paul Tissi\u00e8res \u00fcbernommen. Wir sind ein f\u00fchrender unabh\u00e4ngiger Verm\u00f6gensverwalter, der bereits ... Weiterlesen","og_url":"https:\/\/www.bruellan.ch\/de\/unsere-gruppe\/","og_site_name":"Bruellan","article_modified_time":"2025-02-18T08:00:30+00:00","og_image":[{"width":1600,"height":1067,"url":"https:\/\/www.bruellan.ch\/wp-content\/uploads\/2023\/01\/Bruellan_site_12.jpg","type":"image\/jpeg"}],"twitter_card":"summary_large_image","twitter_misc":{"Gesch\u00e4tzte Lesezeit":"4\u00a0Minuten"},"schema":{"@context":"https:\/\/schema.org","@graph":[{"@type":"WebPage","@id":"https:\/\/www.bruellan.ch\/de\/unsere-gruppe\/","url":"https:\/\/www.bruellan.ch\/de\/unsere-gruppe\/","name":"Unsere Gruppe - Bruellan","isPartOf":{"@id":"https:\/\/www.bruellan.ch\/#website"},"primaryImageOfPage":{"@id":"https:\/\/www.bruellan.ch\/de\/unsere-gruppe\/#primaryimage"},"image":{"@id":"https:\/\/www.bruellan.ch\/de\/unsere-gruppe\/#primaryimage"},"thumbnailUrl":"https:\/\/www.bruellan.ch\/wp-content\/uploads\/2023\/01\/Bruellan_site_12-1320x880.jpg","datePublished":"2020-09-09T15:18:06+00:00","dateModified":"2025-02-18T08:00:30+00:00","breadcrumb":{"@id":"https:\/\/www.bruellan.ch\/de\/unsere-gruppe\/#breadcrumb"},"inLanguage":"de","potentialAction":[{"@type":"ReadAction","target":["https:\/\/www.bruellan.ch\/de\/unsere-gruppe\/"]}]},{"@type":"ImageObject","inLanguage":"de","@id":"https:\/\/www.bruellan.ch\/de\/unsere-gruppe\/#primaryimage","url":"https:\/\/www.bruellan.ch\/wp-content\/uploads\/2023\/01\/Bruellan_site_12-1320x880.jpg","contentUrl":"https:\/\/www.bruellan.ch\/wp-content\/uploads\/2023\/01\/Bruellan_site_12-1320x880.jpg"},{"@type":"BreadcrumbList","@id":"https:\/\/www.bruellan.ch\/de\/unsere-gruppe\/#breadcrumb","itemListElement":[{"@type":"ListItem","position":1,"name":"Home","item":"https:\/\/www.bruellan.ch\/de\/"},{"@type":"ListItem","position":2,"name":"Unsere Gruppe"}]},{"@type":"WebSite","@id":"https:\/\/www.bruellan.ch\/#website","url":"https:\/\/www.bruellan.ch\/","name":"Bruellan","description":"Votre partenaire suisse dans la gestion et la transmission de votre patrimoine familial","publisher":{"@id":"https:\/\/www.bruellan.ch\/#organization"},"potentialAction":[{"@type":"SearchAction","target":{"@type":"EntryPoint","urlTemplate":"https:\/\/www.bruellan.ch\/?s={search_term_string}"},"query-input":{"@type":"PropertyValueSpecification","valueRequired":true,"valueName":"search_term_string"}}],"inLanguage":"de"},{"@type":"Organization","@id":"https:\/\/www.bruellan.ch\/#organization","name":"Bruellan","url":"https:\/\/www.bruellan.ch\/","logo":{"@type":"ImageObject","inLanguage":"de","@id":"https:\/\/www.bruellan.ch\/#\/schema\/logo\/image\/","url":"https:\/\/www.bruellan.ch\/wp-content\/uploads\/2023\/12\/bruellan-logo.png","contentUrl":"https:\/\/www.bruellan.ch\/wp-content\/uploads\/2023\/12\/bruellan-logo.png","width":800,"height":185,"caption":"Bruellan"},"image":{"@id":"https:\/\/www.bruellan.ch\/#\/schema\/logo\/image\/"},"sameAs":["https:\/\/www.linkedin.com\/company\/bruellan-s-a-\/","https:\/\/www.youtube.com\/@bruellangroup7443","https:\/\/www.instagram.com\/bruellan_sa\/?hl=fr"]}]}},"_links":{"self":[{"href":"https:\/\/www.bruellan.ch\/de\/wp-json\/wp\/v2\/pages\/196702","targetHints":{"allow":["GET"]}}],"collection":[{"href":"https:\/\/www.bruellan.ch\/de\/wp-json\/wp\/v2\/pages"}],"about":[{"href":"https:\/\/www.bruellan.ch\/de\/wp-json\/wp\/v2\/types\/page"}],"author":[{"embeddable":true,"href":"https:\/\/www.bruellan.ch\/de\/wp-json\/wp\/v2\/users\/1"}],"replies":[{"embeddable":true,"href":"https:\/\/www.bruellan.ch\/de\/wp-json\/wp\/v2\/comments?post=196702"}],"version-history":[{"count":6,"href":"https:\/\/www.bruellan.ch\/de\/wp-json\/wp\/v2\/pages\/196702\/revisions"}],"predecessor-version":[{"id":198743,"href":"https:\/\/www.bruellan.ch\/de\/wp-json\/wp\/v2\/pages\/196702\/revisions\/198743"}],"wp:attachment":[{"href":"https:\/\/www.bruellan.ch\/de\/wp-json\/wp\/v2\/media?parent=196702"}],"curies":[{"name":"wp","href":"https:\/\/api.w.org\/{rel}","templated":true}]}}